{"id":595435,"date":"2026-05-14T02:34:00","date_gmt":"2026-05-13T23:34:00","guid":{"rendered":"https:\/\/ventspils.citro.lv\/veikals\/bariba-suniem-cesar-tray-ar-suligu-liellopu-un-aknam-150g\/"},"modified":"2026-05-14T02:34:09","modified_gmt":"2026-05-13T23:34:09","slug":"bariba-suniem-cesar-tray-ar-suligu-liellopu-un-aknam-150g","status":"publish","type":"product","link":"https:\/\/ventspils.citro.lv\/ru\/veikals\/bariba-suniem-cesar-tray-ar-suligu-liellopu-un-aknam-150g\/","title":{"rendered":"Bar\u012bba su\u0146iem Cesar tray ar sul\u012bgu liellopu un akn\u0101m 150g"},"content":{"rendered":"","protected":false},"excerpt":{"rendered":"<p>11.93 \u20ac\/kg<\/p>\n","protected":false},"featured_media":1260708,"template":"","meta":{"_acf_changed":false,"inline_featured_image":false},"product_cat":[617,153],"product_tag":[],"acf":[],"aioseo_notices":[],"_links":{"self":[{"href":"https:\/\/ventspils.citro.lv\/ru\/wp-json\/wp\/v2\/product\/595435"}],"collection":[{"href":"https:\/\/ventspils.citro.lv\/ru\/wp-json\/wp\/v2\/product"}],"about":[{"href":"https:\/\/ventspils.citro.lv\/ru\/wp-json\/wp\/v2\/types\/product"}],"wp:featuredmedia":[{"embeddable":true,"href":"https:\/\/ventspils.citro.lv\/ru\/wp-json\/wp\/v2\/media\/1260708"}],"wp:attachment":[{"href":"https:\/\/ventspils.citro.lv\/ru\/wp-json\/wp\/v2\/media?parent=595435"}],"wp:term":[{"taxonomy":"product_cat","embeddable":true,"href":"https:\/\/ventspils.citro.lv\/ru\/wp-json\/wp\/v2\/product_cat?post=595435"},{"taxonomy":"product_tag","embeddable":true,"href":"https:\/\/ventspils.citro.lv\/ru\/wp-json\/wp\/v2\/product_tag?post=595435"}],"curies":[{"name":"wp","href":"https:\/\/api.w.org\/{rel}","templated":true}]}}