{"id":5883,"date":"2026-04-24T06:30:25","date_gmt":"2026-04-24T03:30:25","guid":{"rendered":"https:\/\/eveikals.citro.lv\/ventspils\/veikals\/papira-dvieli-grite-blosom-2-slani-120gb\/"},"modified":"2026-04-24T06:30:35","modified_gmt":"2026-04-24T03:30:35","slug":"papira-dvieli-grite-blossom-2slani-120gb","status":"publish","type":"product","link":"https:\/\/ventspils.citro.lv\/ru\/veikals\/papira-dvieli-grite-blossom-2slani-120gb\/","title":{"rendered":"Pap\u012bra dvie\u013ci Grite Blossom 2sl\u0101\u0146i 120gb"},"content":{"rendered":"","protected":false},"excerpt":{"rendered":"<p>2.09 \u20ac\/gb<\/p>\n","protected":false},"featured_media":1252039,"template":"","meta":{"_acf_changed":false,"inline_featured_image":false},"product_cat":[131,163],"product_tag":[],"acf":[],"aioseo_notices":[],"_links":{"self":[{"href":"https:\/\/ventspils.citro.lv\/ru\/wp-json\/wp\/v2\/product\/5883"}],"collection":[{"href":"https:\/\/ventspils.citro.lv\/ru\/wp-json\/wp\/v2\/product"}],"about":[{"href":"https:\/\/ventspils.citro.lv\/ru\/wp-json\/wp\/v2\/types\/product"}],"wp:featuredmedia":[{"embeddable":true,"href":"https:\/\/ventspils.citro.lv\/ru\/wp-json\/wp\/v2\/media\/1252039"}],"wp:attachment":[{"href":"https:\/\/ventspils.citro.lv\/ru\/wp-json\/wp\/v2\/media?parent=5883"}],"wp:term":[{"taxonomy":"product_cat","embeddable":true,"href":"https:\/\/ventspils.citro.lv\/ru\/wp-json\/wp\/v2\/product_cat?post=5883"},{"taxonomy":"product_tag","embeddable":true,"href":"https:\/\/ventspils.citro.lv\/ru\/wp-json\/wp\/v2\/product_tag?post=5883"}],"curies":[{"name":"wp","href":"https:\/\/api.w.org\/{rel}","templated":true}]}}