{"id":58818,"date":"2026-03-17T06:42:53","date_gmt":"2026-03-17T04:42:53","guid":{"rendered":"https:\/\/ventspils.citro.lv\/veikals\/torte-medus-citro-800g\/"},"modified":"2026-03-17T06:43:03","modified_gmt":"2026-03-17T04:43:03","slug":"torte-medus-citro-800g","status":"publish","type":"product","link":"https:\/\/ventspils.citro.lv\/ru\/veikals\/torte-medus-citro-800g\/","title":{"rendered":"Torte medus Citro 800g"},"content":{"rendered":"<p>Sast\u0101vda\u013cas: biskv\u012bts (KVIE\u0160U milti, cukurs, OLAS, margar\u012bns (augu tauki (palmu, kokosa), \u016bdens, rap\u0161u e\u013c\u013ca, emulgators E471, sk\u0101buma regul\u0113t\u0101js E330, dab\u012bgs aromatiz\u0113t\u0101js, p\u0101rtikas kr\u0101sviela E160a), medus  (9%), p\u0101rtikas soda), kr\u0113mi (putkr\u0113jums uz augu tauku b\u0101zes (\u016bdens, piln\u012bgi hidrogen\u0113ta palmu kodolu e\u013c\u013ca 25%, cukurs 12%, PIENA olbaltumvielas, emulgatori: E472b, E322 (SOJA), E472e, stabiliz\u0113t\u0101ji: E460, E466, E340, aromatiz\u0113t\u0101js, kr\u0101sviela: E160a ), cukurs, v\u0101r\u012bts iebiezin\u0101t\u0101 piena pild\u012bjums (cukurs, \u016bdens,  V\u0100JPIENA pulveris, nehidrogen\u0113ti palmu tauki, glikozes s\u012brups, biezin\u0101t\u0101ji (kukur\u016bzas ciete, E509, karagin\u0101ns, pekt\u012bns), stabiliz\u0113t\u0101ji (E451, E452, Ha-lakt\u0101zes ferments), konservants  (sorb\u012bnsk\u0101be)),  \u016bdens, kaltkr\u0113ms (cukurs, modific\u0113ta ciete, E1414, s\u016bkalu pulveris, palmu e\u013c\u013ca, biezin\u0101t\u0101js, E401, aromatiz\u0113t\u0101js, kr\u0101svielas: E160a, E101, s\u0101ls, piena olbaltumvielas), dz\u0113rve\u0146u iev\u0101r\u012bjums (cukurs, dz\u0113rvene (40%), glikozes-fruktozes s\u012brups, \u016bdens, biezin\u0101t\u0101js: pekt\u012bns (E440), konservants: k\u0101lija sorb\u0101ts (E202)). 100 g produkta satur:  ener\u0123\u0113tisk\u0101 v\u0113rt\u012bba 1588KJ\/377kcal,  tauki 15g, tostarp pies\u0101tin\u0101t\u0101s tauksk\u0101bes 12g, og\u013chidr\u0101ti 55,6g, tostarp cukurs 40g, \u0161\u0137iedrvielas 1g, olbaltumvielas 4g, s\u0101ls 0.1g. Uzglab\u0101\u0161anas apst\u0101k\u013ci: +20&#8230;+60C.Izlietot l\u012bdz: Skat\u012bt uz iepakojuma. Ra\u017eot\u0101js: SIA &#171;Di\u0101na-bistro&#187;, J.Poruka iela 16 Ventspils LV-3601.<\/p>\n","protected":false},"excerpt":{"rendered":"<p>9.36 \u20ac\/kg<\/p>\n","protected":false},"featured_media":1227085,"template":"","meta":{"_acf_changed":false,"inline_featured_image":false},"product_cat":[109,220],"product_tag":[],"acf":[],"aioseo_notices":[],"_links":{"self":[{"href":"https:\/\/ventspils.citro.lv\/ru\/wp-json\/wp\/v2\/product\/58818"}],"collection":[{"href":"https:\/\/ventspils.citro.lv\/ru\/wp-json\/wp\/v2\/product"}],"about":[{"href":"https:\/\/ventspils.citro.lv\/ru\/wp-json\/wp\/v2\/types\/product"}],"wp:featuredmedia":[{"embeddable":true,"href":"https:\/\/ventspils.citro.lv\/ru\/wp-json\/wp\/v2\/media\/1227085"}],"wp:attachment":[{"href":"https:\/\/ventspils.citro.lv\/ru\/wp-json\/wp\/v2\/media?parent=58818"}],"wp:term":[{"taxonomy":"product_cat","embeddable":true,"href":"https:\/\/ventspils.citro.lv\/ru\/wp-json\/wp\/v2\/product_cat?post=58818"},{"taxonomy":"product_tag","embeddable":true,"href":"https:\/\/ventspils.citro.lv\/ru\/wp-json\/wp\/v2\/product_tag?post=58818"}],"curies":[{"name":"wp","href":"https:\/\/api.w.org\/{rel}","templated":true}]}}