{"id":58817,"date":"2026-03-28T02:09:18","date_gmt":"2026-03-28T00:09:18","guid":{"rendered":"https:\/\/ventspils.citro.lv\/veikals\/cepta-zivs-darzenu-marinade-300g-2\/"},"modified":"2026-04-22T09:50:56","modified_gmt":"2026-04-22T06:50:56","slug":"cepta-zivs-darzenu-marinade-citro-300g","status":"publish","type":"product","link":"https:\/\/ventspils.citro.lv\/ru\/veikals\/cepta-zivs-darzenu-marinade-citro-300g\/","title":{"rendered":"Cepta zivs d\u0101rze\u0146u marin\u0101d\u0113 Citro 300g"},"content":{"rendered":"<p>Sast\u0101vda\u013cas: burk\u0101ni, zivs fileja 25%, s\u012bpoli, tom\u0101tu pasta, augu e\u013c\u013ca, KVIE\u0160U milti, p\u0101rtikas s\u0101ls, cukurs, \u0137iploki, eti\u0137a esence, melnie  pipari.100 g produkta satur:  ener\u0123\u0113tisk\u0101 v\u0113rt\u012bba 604KJ\/145kcal,  tauki 7 g, tostarp pies\u0101tin\u0101t\u0101s tauksk\u0101bes 1 g, og\u013chidr\u0101ti 10 g, tostarp cukurs 5,2 g \u0161\u0137iedrvielas 1,3 g, olbaltumvielas 8,6 g, s\u0101ls 1,5 g.Uzglab\u0101\u0161anas temperat\u016bra : +2&#8230;+6 C. Izlietot l\u012bdz: nor\u0101d\u012bts uz iepakojuma. Ra\u017eot\u0101js: SIA Di\u0101na Bistro, Andreja iela 5, Ventspils.<\/p>\n","protected":false},"excerpt":{"rendered":"<p>9.97 \u20ac\/kg<\/p>\n","protected":false},"featured_media":1237384,"template":"","meta":{"_acf_changed":false,"inline_featured_image":false},"product_cat":[113,212],"product_tag":[],"acf":[],"aioseo_notices":[],"_links":{"self":[{"href":"https:\/\/ventspils.citro.lv\/ru\/wp-json\/wp\/v2\/product\/58817"}],"collection":[{"href":"https:\/\/ventspils.citro.lv\/ru\/wp-json\/wp\/v2\/product"}],"about":[{"href":"https:\/\/ventspils.citro.lv\/ru\/wp-json\/wp\/v2\/types\/product"}],"wp:featuredmedia":[{"embeddable":true,"href":"https:\/\/ventspils.citro.lv\/ru\/wp-json\/wp\/v2\/media\/1237384"}],"wp:attachment":[{"href":"https:\/\/ventspils.citro.lv\/ru\/wp-json\/wp\/v2\/media?parent=58817"}],"wp:term":[{"taxonomy":"product_cat","embeddable":true,"href":"https:\/\/ventspils.citro.lv\/ru\/wp-json\/wp\/v2\/product_cat?post=58817"},{"taxonomy":"product_tag","embeddable":true,"href":"https:\/\/ventspils.citro.lv\/ru\/wp-json\/wp\/v2\/product_tag?post=58817"}],"curies":[{"name":"wp","href":"https:\/\/api.w.org\/{rel}","templated":true}]}}