{"id":5874,"date":"2026-04-10T05:03:38","date_gmt":"2026-04-10T02:03:38","guid":{"rendered":"https:\/\/eveikals.citro.lv\/ventspils\/veikals\/krems-rokam-bella-jardin-kumelisu-125ml\/"},"modified":"2026-04-10T05:03:47","modified_gmt":"2026-04-10T02:03:47","slug":"krems-rokam-bella-jardin-kumelisu-125ml","status":"publish","type":"product","link":"https:\/\/ventspils.citro.lv\/ru\/veikals\/krems-rokam-bella-jardin-kumelisu-125ml\/","title":{"rendered":"Kr\u0113ms rok\u0101m Bella Jardin kumel\u012b\u0161u 125ml"},"content":{"rendered":"","protected":false},"excerpt":{"rendered":"<p>11.92 \u20ac\/kg<\/p>\n","protected":false},"featured_media":1242999,"template":"","meta":{"_acf_changed":false,"inline_featured_image":false},"product_cat":[601,127],"product_tag":[],"acf":[],"aioseo_notices":[],"_links":{"self":[{"href":"https:\/\/ventspils.citro.lv\/ru\/wp-json\/wp\/v2\/product\/5874"}],"collection":[{"href":"https:\/\/ventspils.citro.lv\/ru\/wp-json\/wp\/v2\/product"}],"about":[{"href":"https:\/\/ventspils.citro.lv\/ru\/wp-json\/wp\/v2\/types\/product"}],"wp:featuredmedia":[{"embeddable":true,"href":"https:\/\/ventspils.citro.lv\/ru\/wp-json\/wp\/v2\/media\/1242999"}],"wp:attachment":[{"href":"https:\/\/ventspils.citro.lv\/ru\/wp-json\/wp\/v2\/media?parent=5874"}],"wp:term":[{"taxonomy":"product_cat","embeddable":true,"href":"https:\/\/ventspils.citro.lv\/ru\/wp-json\/wp\/v2\/product_cat?post=5874"},{"taxonomy":"product_tag","embeddable":true,"href":"https:\/\/ventspils.citro.lv\/ru\/wp-json\/wp\/v2\/product_tag?post=5874"}],"curies":[{"name":"wp","href":"https:\/\/api.w.org\/{rel}","templated":true}]}}