{"id":5869,"date":"2026-05-12T03:15:02","date_gmt":"2026-05-12T00:15:02","guid":{"rendered":"https:\/\/eveikals.citro.lv\/ventspils\/veikals\/dranina-universala-3gb\/"},"modified":"2026-05-12T03:15:06","modified_gmt":"2026-05-12T00:15:06","slug":"dranina-universala-3gb","status":"publish","type":"product","link":"https:\/\/ventspils.citro.lv\/ru\/veikals\/dranina-universala-3gb\/","title":{"rendered":"Dr\u0101ni\u0146a univers\u0101l\u0101 3gb"},"content":{"rendered":"","protected":false},"excerpt":{"rendered":"<p>0.45 \u20ac\/gb<\/p>\n","protected":false},"featured_media":1258507,"template":"","meta":{"_acf_changed":false,"inline_featured_image":false},"product_cat":[131,132],"product_tag":[],"acf":[],"aioseo_notices":[],"_links":{"self":[{"href":"https:\/\/ventspils.citro.lv\/ru\/wp-json\/wp\/v2\/product\/5869"}],"collection":[{"href":"https:\/\/ventspils.citro.lv\/ru\/wp-json\/wp\/v2\/product"}],"about":[{"href":"https:\/\/ventspils.citro.lv\/ru\/wp-json\/wp\/v2\/types\/product"}],"wp:featuredmedia":[{"embeddable":true,"href":"https:\/\/ventspils.citro.lv\/ru\/wp-json\/wp\/v2\/media\/1258507"}],"wp:attachment":[{"href":"https:\/\/ventspils.citro.lv\/ru\/wp-json\/wp\/v2\/media?parent=5869"}],"wp:term":[{"taxonomy":"product_cat","embeddable":true,"href":"https:\/\/ventspils.citro.lv\/ru\/wp-json\/wp\/v2\/product_cat?post=5869"},{"taxonomy":"product_tag","embeddable":true,"href":"https:\/\/ventspils.citro.lv\/ru\/wp-json\/wp\/v2\/product_tag?post=5869"}],"curies":[{"name":"wp","href":"https:\/\/api.w.org\/{rel}","templated":true}]}}