{"id":584217,"date":"2026-01-31T02:48:14","date_gmt":"2026-01-31T00:48:14","guid":{"rendered":"https:\/\/ventspils.citro.lv\/veikals\/konfeksu-karba-karl-fazer-70-tumsas-sok-150g\/"},"modified":"2026-01-31T02:48:19","modified_gmt":"2026-01-31T00:48:19","slug":"konfeksu-karba-fazer-70-tumsas-sok-150g","status":"publish","type":"product","link":"https:\/\/ventspils.citro.lv\/ru\/veikals\/konfeksu-karba-fazer-70-tumsas-sok-150g\/","title":{"rendered":"Konfek\u0161u k\u0101rba Fazer 70% tum\u0161\u0101s \u0161ok.150g"},"content":{"rendered":"","protected":false},"excerpt":{"rendered":"<p>35.67 \u20ac\/kg<\/p>\n","protected":false},"featured_media":1203957,"template":"","meta":{"_acf_changed":false,"inline_featured_image":false},"product_cat":[125,200],"product_tag":[],"acf":[],"aioseo_notices":[],"_links":{"self":[{"href":"https:\/\/ventspils.citro.lv\/ru\/wp-json\/wp\/v2\/product\/584217"}],"collection":[{"href":"https:\/\/ventspils.citro.lv\/ru\/wp-json\/wp\/v2\/product"}],"about":[{"href":"https:\/\/ventspils.citro.lv\/ru\/wp-json\/wp\/v2\/types\/product"}],"wp:featuredmedia":[{"embeddable":true,"href":"https:\/\/ventspils.citro.lv\/ru\/wp-json\/wp\/v2\/media\/1203957"}],"wp:attachment":[{"href":"https:\/\/ventspils.citro.lv\/ru\/wp-json\/wp\/v2\/media?parent=584217"}],"wp:term":[{"taxonomy":"product_cat","embeddable":true,"href":"https:\/\/ventspils.citro.lv\/ru\/wp-json\/wp\/v2\/product_cat?post=584217"},{"taxonomy":"product_tag","embeddable":true,"href":"https:\/\/ventspils.citro.lv\/ru\/wp-json\/wp\/v2\/product_tag?post=584217"}],"curies":[{"name":"wp","href":"https:\/\/api.w.org\/{rel}","templated":true}]}}