{"id":582274,"date":"2026-03-17T04:51:34","date_gmt":"2026-03-17T02:51:34","guid":{"rendered":"https:\/\/ventspils.citro.lv\/veikals\/desa-talkas-1kg\/"},"modified":"2026-03-17T04:51:44","modified_gmt":"2026-03-17T02:51:44","slug":"desa-tirgus-jelgava-1kg","status":"publish","type":"product","link":"https:\/\/ventspils.citro.lv\/ru\/veikals\/desa-tirgus-jelgava-1kg\/","title":{"rendered":"Desa Tirgus Jelgava 1kg"},"content":{"rendered":"<p>\u016adens, meh\u0101niski atdal\u012bta c\u0101\u013ca ga\u013ca 29%, c\u016bku \u0101das, ciete, jod\u0113ts s\u0101ls, SOJAS olbaltumvielas, stabiliz\u0113t\u0101ji: E339, E407, E425i, E450, E451, E452, E1422; glikoze, aromatiz\u0113t\u0101ji (satur rauga ekstraktu, k\u016bpin\u0101\u0161anas aromatiz\u0113t\u0101ju, SINEPES, SELERIJAS, PIENU), antioksidanti: E300, E301, E316; gar\u0161as pastiprin\u0101t\u0101ji: E621, E627, E631; p\u0101rtikas kr\u0101svielas: E120, E150, E150c; biezin\u0101t\u0101ji: E407, E407a, E410, E412, E415, E417, E425; recin\u0101t\u0101js E508, augu valsts \u0161\u0137iedrvielas (SOJA, ce\u013ctekas), c\u016bkga\u013ca, liellopa ga\u013ca, c\u0101\u013ca ga\u013ca, c\u016bku tauki, gar\u0161vielu ekstrakti (satur SELERIJAS), gar\u0161vielas (satur SINEPES), tapiokas ciete, s\u016bkalu olbaltumvielas (satur PIENU), OLAS, Edam SIERS, SIERA pulveris, cukurs, rauga ekstrakts, gar\u0161augi, sk\u0101buma regul\u0113t\u0101ji: E262, E330, E326, E575; hidroliz\u0113tas augu valsts olbaltumvielas, augu ekstrakts, c\u016bkga\u013cas un c\u0101\u013ca olbaltumvielas, saulespu\u0137u un rap\u0161u e\u013c\u013ca, augu tauki, acerola-\u0137ir\u0161u pulveris, maltodekstr\u012bns, KR\u0112JUMS, s\u012bpoli, augu valsts \u0161\u0137iedrvielas, asinis, hemoglob\u012bns, konservants E250.  100 g produkta vid\u0113ji satur: ener\u0123\u0113tisk\u0101 v\u0113rt\u012bba: 497 kJ \/ 119 kcal, tauki: 6.9 g, tostarp pies\u0101tin\u0101t\u0101s tauksk\u0101bes: 2.6 g, og\u013chidr\u0101ti: 3.2 g, tostarp cukuri: 0,5 g, olbaltumvielas: 11 g, s\u0101ls: 1.7 g.  P\u0113c atv\u0113r\u0161anas izlietot 48 stundu laik\u0101.<\/p>\n","protected":false},"excerpt":{"rendered":"<p>2.89 \u20ac\/kg<\/p>\n","protected":false},"featured_media":1226621,"template":"","meta":{"_acf_changed":false,"inline_featured_image":false},"product_cat":[135,144],"product_tag":[],"acf":[],"aioseo_notices":[],"_links":{"self":[{"href":"https:\/\/ventspils.citro.lv\/ru\/wp-json\/wp\/v2\/product\/582274"}],"collection":[{"href":"https:\/\/ventspils.citro.lv\/ru\/wp-json\/wp\/v2\/product"}],"about":[{"href":"https:\/\/ventspils.citro.lv\/ru\/wp-json\/wp\/v2\/types\/product"}],"wp:featuredmedia":[{"embeddable":true,"href":"https:\/\/ventspils.citro.lv\/ru\/wp-json\/wp\/v2\/media\/1226621"}],"wp:attachment":[{"href":"https:\/\/ventspils.citro.lv\/ru\/wp-json\/wp\/v2\/media?parent=582274"}],"wp:term":[{"taxonomy":"product_cat","embeddable":true,"href":"https:\/\/ventspils.citro.lv\/ru\/wp-json\/wp\/v2\/product_cat?post=582274"},{"taxonomy":"product_tag","embeddable":true,"href":"https:\/\/ventspils.citro.lv\/ru\/wp-json\/wp\/v2\/product_tag?post=582274"}],"curies":[{"name":"wp","href":"https:\/\/api.w.org\/{rel}","templated":true}]}}