{"id":582237,"date":"2026-04-30T01:37:13","date_gmt":"2026-04-29T22:37:13","guid":{"rendered":"https:\/\/ventspils.citro.lv\/veikals\/melone-zala-piel-de-sapo-spanija-2sk\/"},"modified":"2026-04-30T01:37:27","modified_gmt":"2026-04-29T22:37:27","slug":"melone-zala-piel-de-sapo-2sk-kostarika","status":"publish","type":"product","link":"https:\/\/ventspils.citro.lv\/ru\/veikals\/melone-zala-piel-de-sapo-2sk-kostarika\/","title":{"rendered":"Melone za\u013c\u0101  Piel de Sapo 2\u0161\u0137. Kostarika"},"content":{"rendered":"<p>Fas\u0113ts AS Di\u0101na. Uzglab\u0101t t pie +20 l\u012bdz +25 C<\/p>\n","protected":false},"excerpt":{"rendered":"<p>2.49 \u20ac\/kg<\/p>\n","protected":false},"featured_media":1254907,"template":"","meta":{"_acf_changed":false,"inline_featured_image":false},"product_cat":[97,98],"product_tag":[],"acf":[],"aioseo_notices":[],"_links":{"self":[{"href":"https:\/\/ventspils.citro.lv\/ru\/wp-json\/wp\/v2\/product\/582237"}],"collection":[{"href":"https:\/\/ventspils.citro.lv\/ru\/wp-json\/wp\/v2\/product"}],"about":[{"href":"https:\/\/ventspils.citro.lv\/ru\/wp-json\/wp\/v2\/types\/product"}],"wp:featuredmedia":[{"embeddable":true,"href":"https:\/\/ventspils.citro.lv\/ru\/wp-json\/wp\/v2\/media\/1254907"}],"wp:attachment":[{"href":"https:\/\/ventspils.citro.lv\/ru\/wp-json\/wp\/v2\/media?parent=582237"}],"wp:term":[{"taxonomy":"product_cat","embeddable":true,"href":"https:\/\/ventspils.citro.lv\/ru\/wp-json\/wp\/v2\/product_cat?post=582237"},{"taxonomy":"product_tag","embeddable":true,"href":"https:\/\/ventspils.citro.lv\/ru\/wp-json\/wp\/v2\/product_tag?post=582237"}],"curies":[{"name":"wp","href":"https:\/\/api.w.org\/{rel}","templated":true}]}}