{"id":579,"date":"2026-04-24T05:06:51","date_gmt":"2026-04-24T02:06:51","guid":{"rendered":"http:\/\/cvent.dev.wmc.lv\/ventspils\/veikals\/tualetes-papirs-zewa-deluxe-pure-white-3-kartu-8-rulli\/"},"modified":"2026-05-02T12:04:23","modified_gmt":"2026-05-02T09:04:23","slug":"tualetes-papirs-zewa-deluxe-pure-white-3slani-8rulli","status":"publish","type":"product","link":"https:\/\/ventspils.citro.lv\/ru\/veikals\/tualetes-papirs-zewa-deluxe-pure-white-3slani-8rulli\/","title":{"rendered":"Tualetes pap\u012brs Zewa Deluxe Pure White 3sl\u0101\u0146i 8ru\u013c\u013ci"},"content":{"rendered":"","protected":false},"excerpt":{"rendered":"<p>0.54 \u20ac\/gb<\/p>\n","protected":false},"featured_media":1251676,"template":"","meta":{"_acf_changed":false,"inline_featured_image":false},"product_cat":[131,163],"product_tag":[],"acf":[],"aioseo_notices":[],"_links":{"self":[{"href":"https:\/\/ventspils.citro.lv\/ru\/wp-json\/wp\/v2\/product\/579"}],"collection":[{"href":"https:\/\/ventspils.citro.lv\/ru\/wp-json\/wp\/v2\/product"}],"about":[{"href":"https:\/\/ventspils.citro.lv\/ru\/wp-json\/wp\/v2\/types\/product"}],"wp:featuredmedia":[{"embeddable":true,"href":"https:\/\/ventspils.citro.lv\/ru\/wp-json\/wp\/v2\/media\/1251676"}],"wp:attachment":[{"href":"https:\/\/ventspils.citro.lv\/ru\/wp-json\/wp\/v2\/media?parent=579"}],"wp:term":[{"taxonomy":"product_cat","embeddable":true,"href":"https:\/\/ventspils.citro.lv\/ru\/wp-json\/wp\/v2\/product_cat?post=579"},{"taxonomy":"product_tag","embeddable":true,"href":"https:\/\/ventspils.citro.lv\/ru\/wp-json\/wp\/v2\/product_tag?post=579"}],"curies":[{"name":"wp","href":"https:\/\/api.w.org\/{rel}","templated":true}]}}