{"id":57347,"date":"2026-03-31T03:36:44","date_gmt":"2026-03-31T00:36:44","guid":{"rendered":"https:\/\/ventspils.citro.lv\/veikals\/torte-bille-citro-700g\/"},"modified":"2026-03-31T03:36:57","modified_gmt":"2026-03-31T00:36:57","slug":"torte-bille-citro-700g","status":"publish","type":"product","link":"https:\/\/ventspils.citro.lv\/ru\/veikals\/torte-bille-citro-700g\/","title":{"rendered":"Torte Bille  Citro 700g"},"content":{"rendered":"<p>Sast\u0101vs: Biskv\u012bts ar Be\u013c\u0123u \u0161okol\u0101di, balt\u0101s \u0161okol\u0101des kr\u0113ms, ZEMESRIEKSTI, \u0137ir\u0161u iev\u0101r\u012bjums,\u0161okol\u0101des kr\u0113ms, kr\u0113ms Bille,vafe\u013cu lapi\u0146as, cukura p\u0113rl\u012btes, dz\u0113rvenes. Uzg\u0101b\u0101t  temp.+2 +6 . Ra\u017eot\u0101js SIA Di\u0101na Bistro.<\/p>\n","protected":false},"excerpt":{"rendered":"<p>10.99 \u20ac\/kg<\/p>\n","protected":false},"featured_media":1238160,"template":"","meta":{"_acf_changed":false,"inline_featured_image":false},"product_cat":[109,220],"product_tag":[],"acf":[],"aioseo_notices":[],"_links":{"self":[{"href":"https:\/\/ventspils.citro.lv\/ru\/wp-json\/wp\/v2\/product\/57347"}],"collection":[{"href":"https:\/\/ventspils.citro.lv\/ru\/wp-json\/wp\/v2\/product"}],"about":[{"href":"https:\/\/ventspils.citro.lv\/ru\/wp-json\/wp\/v2\/types\/product"}],"wp:featuredmedia":[{"embeddable":true,"href":"https:\/\/ventspils.citro.lv\/ru\/wp-json\/wp\/v2\/media\/1238160"}],"wp:attachment":[{"href":"https:\/\/ventspils.citro.lv\/ru\/wp-json\/wp\/v2\/media?parent=57347"}],"wp:term":[{"taxonomy":"product_cat","embeddable":true,"href":"https:\/\/ventspils.citro.lv\/ru\/wp-json\/wp\/v2\/product_cat?post=57347"},{"taxonomy":"product_tag","embeddable":true,"href":"https:\/\/ventspils.citro.lv\/ru\/wp-json\/wp\/v2\/product_tag?post=57347"}],"curies":[{"name":"wp","href":"https:\/\/api.w.org\/{rel}","templated":true}]}}