{"id":568936,"date":"2026-04-24T04:36:52","date_gmt":"2026-04-24T01:36:52","guid":{"rendered":"https:\/\/ventspils.citro.lv\/veikals\/saldejums-lukss-sokolades-125ml-75g\/"},"modified":"2026-04-24T04:36:58","modified_gmt":"2026-04-24T01:36:58","slug":"saldejums-lukss-sokolades-125ml-75g","status":"publish","type":"product","link":"https:\/\/ventspils.citro.lv\/ru\/veikals\/saldejums-lukss-sokolades-125ml-75g\/","title":{"rendered":"Sald\u0113jums Lukss \u0161okol\u0101des 125ml\/75g"},"content":{"rendered":"","protected":false},"excerpt":{"rendered":"<p>11.87 \u20ac\/kg<\/p>\n","protected":false},"featured_media":1251569,"template":"","meta":{"_acf_changed":false,"inline_featured_image":false},"product_cat":[233,555],"product_tag":[],"acf":[],"aioseo_notices":[],"_links":{"self":[{"href":"https:\/\/ventspils.citro.lv\/ru\/wp-json\/wp\/v2\/product\/568936"}],"collection":[{"href":"https:\/\/ventspils.citro.lv\/ru\/wp-json\/wp\/v2\/product"}],"about":[{"href":"https:\/\/ventspils.citro.lv\/ru\/wp-json\/wp\/v2\/types\/product"}],"wp:featuredmedia":[{"embeddable":true,"href":"https:\/\/ventspils.citro.lv\/ru\/wp-json\/wp\/v2\/media\/1251569"}],"wp:attachment":[{"href":"https:\/\/ventspils.citro.lv\/ru\/wp-json\/wp\/v2\/media?parent=568936"}],"wp:term":[{"taxonomy":"product_cat","embeddable":true,"href":"https:\/\/ventspils.citro.lv\/ru\/wp-json\/wp\/v2\/product_cat?post=568936"},{"taxonomy":"product_tag","embeddable":true,"href":"https:\/\/ventspils.citro.lv\/ru\/wp-json\/wp\/v2\/product_tag?post=568936"}],"curies":[{"name":"wp","href":"https:\/\/api.w.org\/{rel}","templated":true}]}}