{"id":565820,"date":"2026-04-16T02:00:33","date_gmt":"2026-04-15T23:00:33","guid":{"rendered":"https:\/\/ventspils.citro.lv\/veikals\/saldejuma-desa-tio-sokolades-500ml-240g\/"},"modified":"2026-04-16T02:00:39","modified_gmt":"2026-04-15T23:00:39","slug":"saldejuma-desa-tio-sokolades-500ml-240g","status":"publish","type":"product","link":"https:\/\/ventspils.citro.lv\/ru\/veikals\/saldejuma-desa-tio-sokolades-500ml-240g\/","title":{"rendered":"Sald\u0113juma desa Tio \u0161okol\u0101des 500ml\/240g"},"content":{"rendered":"","protected":false},"excerpt":{"rendered":"<p>8.29 \u20ac\/kg<\/p>\n","protected":false},"featured_media":1246253,"template":"","meta":{"_acf_changed":false,"inline_featured_image":false},"product_cat":[233,546],"product_tag":[],"acf":[],"aioseo_notices":[],"_links":{"self":[{"href":"https:\/\/ventspils.citro.lv\/ru\/wp-json\/wp\/v2\/product\/565820"}],"collection":[{"href":"https:\/\/ventspils.citro.lv\/ru\/wp-json\/wp\/v2\/product"}],"about":[{"href":"https:\/\/ventspils.citro.lv\/ru\/wp-json\/wp\/v2\/types\/product"}],"wp:featuredmedia":[{"embeddable":true,"href":"https:\/\/ventspils.citro.lv\/ru\/wp-json\/wp\/v2\/media\/1246253"}],"wp:attachment":[{"href":"https:\/\/ventspils.citro.lv\/ru\/wp-json\/wp\/v2\/media?parent=565820"}],"wp:term":[{"taxonomy":"product_cat","embeddable":true,"href":"https:\/\/ventspils.citro.lv\/ru\/wp-json\/wp\/v2\/product_cat?post=565820"},{"taxonomy":"product_tag","embeddable":true,"href":"https:\/\/ventspils.citro.lv\/ru\/wp-json\/wp\/v2\/product_tag?post=565820"}],"curies":[{"name":"wp","href":"https:\/\/api.w.org\/{rel}","templated":true}]}}