{"id":563940,"date":"2026-04-24T09:48:02","date_gmt":"2026-04-24T06:48:02","guid":{"rendered":"https:\/\/ventspils.citro.lv\/veikals\/cepumi-petergailis-krekeri-ar-krejuma-un-sipolu-garsu-72g\/"},"modified":"2026-04-24T09:48:12","modified_gmt":"2026-04-24T06:48:12","slug":"krekeri-salie-ar-krejuma-un-sipola-garsu-petergailis-72g","status":"publish","type":"product","link":"https:\/\/ventspils.citro.lv\/ru\/veikals\/krekeri-salie-ar-krejuma-un-sipola-garsu-petergailis-72g\/","title":{"rendered":"Krekeri s\u0101\u013cie ar kr\u0113juma un s\u012bpola gar\u0161u P\u0113tergailis 72g"},"content":{"rendered":"","protected":false},"excerpt":{"rendered":"<p>13.20 \u20ac\/kg<\/p>\n","protected":false},"featured_media":1252916,"template":"","meta":{"_acf_changed":false,"inline_featured_image":false},"product_cat":[125,139],"product_tag":[],"acf":[],"aioseo_notices":[],"_links":{"self":[{"href":"https:\/\/ventspils.citro.lv\/ru\/wp-json\/wp\/v2\/product\/563940"}],"collection":[{"href":"https:\/\/ventspils.citro.lv\/ru\/wp-json\/wp\/v2\/product"}],"about":[{"href":"https:\/\/ventspils.citro.lv\/ru\/wp-json\/wp\/v2\/types\/product"}],"wp:featuredmedia":[{"embeddable":true,"href":"https:\/\/ventspils.citro.lv\/ru\/wp-json\/wp\/v2\/media\/1252916"}],"wp:attachment":[{"href":"https:\/\/ventspils.citro.lv\/ru\/wp-json\/wp\/v2\/media?parent=563940"}],"wp:term":[{"taxonomy":"product_cat","embeddable":true,"href":"https:\/\/ventspils.citro.lv\/ru\/wp-json\/wp\/v2\/product_cat?post=563940"},{"taxonomy":"product_tag","embeddable":true,"href":"https:\/\/ventspils.citro.lv\/ru\/wp-json\/wp\/v2\/product_tag?post=563940"}],"curies":[{"name":"wp","href":"https:\/\/api.w.org\/{rel}","templated":true}]}}