{"id":563939,"date":"2026-05-12T07:30:34","date_gmt":"2026-05-12T04:30:34","guid":{"rendered":"https:\/\/ventspils.citro.lv\/veikals\/cepumi-petergailis-krekeri-salie-ar-sviesta-garsu-70g\/"},"modified":"2026-05-12T07:30:38","modified_gmt":"2026-05-12T04:30:38","slug":"krekeri-salie-klasika-petergailis-70g","status":"publish","type":"product","link":"https:\/\/ventspils.citro.lv\/ru\/veikals\/krekeri-salie-klasika-petergailis-70g\/","title":{"rendered":"Krekeri s\u0101\u013cie Klasika P\u0113tergailis 70g"},"content":{"rendered":"","protected":false},"excerpt":{"rendered":"<p>14.14 \u20ac\/kg<\/p>\n","protected":false},"featured_media":1259680,"template":"","meta":{"_acf_changed":false,"inline_featured_image":false},"product_cat":[125,139],"product_tag":[],"acf":[],"aioseo_notices":[],"_links":{"self":[{"href":"https:\/\/ventspils.citro.lv\/ru\/wp-json\/wp\/v2\/product\/563939"}],"collection":[{"href":"https:\/\/ventspils.citro.lv\/ru\/wp-json\/wp\/v2\/product"}],"about":[{"href":"https:\/\/ventspils.citro.lv\/ru\/wp-json\/wp\/v2\/types\/product"}],"wp:featuredmedia":[{"embeddable":true,"href":"https:\/\/ventspils.citro.lv\/ru\/wp-json\/wp\/v2\/media\/1259680"}],"wp:attachment":[{"href":"https:\/\/ventspils.citro.lv\/ru\/wp-json\/wp\/v2\/media?parent=563939"}],"wp:term":[{"taxonomy":"product_cat","embeddable":true,"href":"https:\/\/ventspils.citro.lv\/ru\/wp-json\/wp\/v2\/product_cat?post=563939"},{"taxonomy":"product_tag","embeddable":true,"href":"https:\/\/ventspils.citro.lv\/ru\/wp-json\/wp\/v2\/product_tag?post=563939"}],"curies":[{"name":"wp","href":"https:\/\/api.w.org\/{rel}","templated":true}]}}