{"id":563928,"date":"2026-04-10T08:24:44","date_gmt":"2026-04-10T05:24:44","guid":{"rendered":"https:\/\/ventspils.citro.lv\/veikals\/zupa-ukrainu-borscs-kitchen-master-480g\/"},"modified":"2026-04-10T11:24:06","modified_gmt":"2026-04-10T08:24:06","slug":"zupa-ukrainu-borscs-kitchen-master-480g","status":"publish","type":"product","link":"https:\/\/ventspils.citro.lv\/ru\/veikals\/zupa-ukrainu-borscs-kitchen-master-480g\/","title":{"rendered":"Zupa Ukrai\u0146u bor\u0161\u010ds Kitchen Master 480g"},"content":{"rendered":"","protected":false},"excerpt":{"rendered":"<p>3.02 \u20ac\/kg<\/p>\n","protected":false},"featured_media":1243900,"template":"","meta":{"_acf_changed":false,"inline_featured_image":false},"product_cat":[103,137],"product_tag":[],"acf":[],"aioseo_notices":[],"_links":{"self":[{"href":"https:\/\/ventspils.citro.lv\/ru\/wp-json\/wp\/v2\/product\/563928"}],"collection":[{"href":"https:\/\/ventspils.citro.lv\/ru\/wp-json\/wp\/v2\/product"}],"about":[{"href":"https:\/\/ventspils.citro.lv\/ru\/wp-json\/wp\/v2\/types\/product"}],"wp:featuredmedia":[{"embeddable":true,"href":"https:\/\/ventspils.citro.lv\/ru\/wp-json\/wp\/v2\/media\/1243900"}],"wp:attachment":[{"href":"https:\/\/ventspils.citro.lv\/ru\/wp-json\/wp\/v2\/media?parent=563928"}],"wp:term":[{"taxonomy":"product_cat","embeddable":true,"href":"https:\/\/ventspils.citro.lv\/ru\/wp-json\/wp\/v2\/product_cat?post=563928"},{"taxonomy":"product_tag","embeddable":true,"href":"https:\/\/ventspils.citro.lv\/ru\/wp-json\/wp\/v2\/product_tag?post=563928"}],"curies":[{"name":"wp","href":"https:\/\/api.w.org\/{rel}","templated":true}]}}