{"id":563926,"date":"2026-03-13T05:30:58","date_gmt":"2026-03-13T03:30:58","guid":{"rendered":"https:\/\/ventspils.citro.lv\/veikals\/merce-kiploku-asa-hellmanns-250g\/"},"modified":"2026-03-13T05:31:08","modified_gmt":"2026-03-13T03:31:08","slug":"merce-kiploku-asa-hellmanns-250g","status":"publish","type":"product","link":"https:\/\/ventspils.citro.lv\/ru\/veikals\/merce-kiploku-asa-hellmanns-250g\/","title":{"rendered":"M\u0113rce \u0137iploku as\u0101 Hellmann&#8217;s 250g"},"content":{"rendered":"","protected":false},"excerpt":{"rendered":"<p>6.36 \u20ac\/kg<\/p>\n","protected":false},"featured_media":1225514,"template":"","meta":{"_acf_changed":false,"inline_featured_image":false},"product_cat":[116,208],"product_tag":[],"acf":[],"aioseo_notices":[],"_links":{"self":[{"href":"https:\/\/ventspils.citro.lv\/ru\/wp-json\/wp\/v2\/product\/563926"}],"collection":[{"href":"https:\/\/ventspils.citro.lv\/ru\/wp-json\/wp\/v2\/product"}],"about":[{"href":"https:\/\/ventspils.citro.lv\/ru\/wp-json\/wp\/v2\/types\/product"}],"wp:featuredmedia":[{"embeddable":true,"href":"https:\/\/ventspils.citro.lv\/ru\/wp-json\/wp\/v2\/media\/1225514"}],"wp:attachment":[{"href":"https:\/\/ventspils.citro.lv\/ru\/wp-json\/wp\/v2\/media?parent=563926"}],"wp:term":[{"taxonomy":"product_cat","embeddable":true,"href":"https:\/\/ventspils.citro.lv\/ru\/wp-json\/wp\/v2\/product_cat?post=563926"},{"taxonomy":"product_tag","embeddable":true,"href":"https:\/\/ventspils.citro.lv\/ru\/wp-json\/wp\/v2\/product_tag?post=563926"}],"curies":[{"name":"wp","href":"https:\/\/api.w.org\/{rel}","templated":true}]}}