{"id":563612,"date":"2026-04-24T04:49:55","date_gmt":"2026-04-24T01:49:55","guid":{"rendered":"https:\/\/ventspils.citro.lv\/veikals\/desa-doktora-premium\/"},"modified":"2026-04-24T04:50:00","modified_gmt":"2026-04-24T01:50:00","slug":"desa-doktora-premium","status":"publish","type":"product","link":"https:\/\/ventspils.citro.lv\/ru\/veikals\/desa-doktora-premium\/","title":{"rendered":"Desa Doktora Premium"},"content":{"rendered":"<p>Sast\u0101vda\u013cas: c\u016bkga\u013ca (izcelsme &#8212; ES) 90%, \u016bdens, s\u0101ls, emulgators E450, antioksidanti (E300, E301), stabiliz\u0113t\u0101js E407, biezin\u0101t\u0101jsE425, sk\u0101buma regul\u0113t\u0101ji (E262, E327, E331), gar\u0161as un arom\u0101ta pastiprin\u0101t\u0101js E621, kr\u0101sviela E120, konservants E250, aromatiz\u0113t\u0101ji (satur k\u016bpin\u0101\u0161anas aromatiz\u0113t\u0101ju), gar\u0161vielu ekstrakti. Produkt\u0101 iesp\u0113jama \u0161\u0101du alerg\u0113nu kl\u0101tb\u016btne: LAKTOZE, SOJA, LIPEKLIS, SELERIJAS. Uzglab\u0101\u0161anas temperat\u016bra: 0&#8230;+6C. Uzturv\u0113rt\u012bba 100g: ener\u0123\u0113tisk\u0101 v\u0113rt\u012bba 932kJ\/223kcal, tauki 19g, tostarp pies\u0101tin\u0101t\u0101s tauksk\u0101bes 5,7g, og\u013chidr\u0101ti, <0,5g, tostarp cukuri <0,5g, olbaltumvielas 13g, s\u0101ls 2,8g.\n<\/p>\n","protected":false},"excerpt":{"rendered":"<p>3.99 \u20ac\/kg<\/p>\n","protected":false},"featured_media":1251616,"template":"","meta":{"_acf_changed":false,"inline_featured_image":false},"product_cat":[135,144],"product_tag":[],"acf":[],"aioseo_notices":[],"_links":{"self":[{"href":"https:\/\/ventspils.citro.lv\/ru\/wp-json\/wp\/v2\/product\/563612"}],"collection":[{"href":"https:\/\/ventspils.citro.lv\/ru\/wp-json\/wp\/v2\/product"}],"about":[{"href":"https:\/\/ventspils.citro.lv\/ru\/wp-json\/wp\/v2\/types\/product"}],"wp:featuredmedia":[{"embeddable":true,"href":"https:\/\/ventspils.citro.lv\/ru\/wp-json\/wp\/v2\/media\/1251616"}],"wp:attachment":[{"href":"https:\/\/ventspils.citro.lv\/ru\/wp-json\/wp\/v2\/media?parent=563612"}],"wp:term":[{"taxonomy":"product_cat","embeddable":true,"href":"https:\/\/ventspils.citro.lv\/ru\/wp-json\/wp\/v2\/product_cat?post=563612"},{"taxonomy":"product_tag","embeddable":true,"href":"https:\/\/ventspils.citro.lv\/ru\/wp-json\/wp\/v2\/product_tag?post=563612"}],"curies":[{"name":"wp","href":"https:\/\/api.w.org\/{rel}","templated":true}]}}