{"id":563588,"date":"2026-04-10T03:51:13","date_gmt":"2026-04-10T00:51:13","guid":{"rendered":"https:\/\/ventspils.citro.lv\/veikals\/konfektes-zelejas-jelly-marmelade-roshen\/"},"modified":"2026-04-10T03:51:22","modified_gmt":"2026-04-10T00:51:22","slug":"konfektes-zelejas-jelly-marmelade-roshen","status":"publish","type":"product","link":"https:\/\/ventspils.citro.lv\/ru\/veikals\/konfektes-zelejas-jelly-marmelade-roshen\/","title":{"rendered":"Konfektes \u017eelejas Jelly marmel\u0101de Roshen"},"content":{"rendered":"<p>Sast\u0101vda\u013cas: glikozes s\u012brups, cukurs, glikozes-fruktozes s\u012brups, mitruma uztur\u0113t\u0101js: sorb\u012bta s\u012brups, recin\u0101t\u0101js: pekt\u012bns, koncentr\u0113ta \u0101bolu sula 0,9%, sk\u0101buma regul\u0113t\u0101ji: piensk\u0101be, citronsk\u0101be; aromatiz\u0113t\u0101ji, kr\u0101svielas: antocian\u012bni, kurkum\u012bns, paprikas ekstrakts, briljantzilais FCF. Produkts var satur\u0113t lipek\u013ca (no KVIE\u0160IEM), olu produktu, PIENA produktu, LAZDU RIEKSTU, MANDE\u013bU, ZEMESRIEKSTU UN SEZAMA s\u0113klu da\u013ci\u0146as. Bumbieru, citronu, \u0101bolu, ave\u0146u, apels\u012bnu, zeme\u0146u gar\u0161a. Izcelsmes valsts: Ukraina.<\/p>\n","protected":false},"excerpt":{"rendered":"<p>5.80 \u20ac\/kg<\/p>\n","protected":false},"featured_media":1242688,"template":"","meta":{"_acf_changed":false,"inline_featured_image":false},"product_cat":[533,125],"product_tag":[],"acf":[],"aioseo_notices":[],"_links":{"self":[{"href":"https:\/\/ventspils.citro.lv\/ru\/wp-json\/wp\/v2\/product\/563588"}],"collection":[{"href":"https:\/\/ventspils.citro.lv\/ru\/wp-json\/wp\/v2\/product"}],"about":[{"href":"https:\/\/ventspils.citro.lv\/ru\/wp-json\/wp\/v2\/types\/product"}],"wp:featuredmedia":[{"embeddable":true,"href":"https:\/\/ventspils.citro.lv\/ru\/wp-json\/wp\/v2\/media\/1242688"}],"wp:attachment":[{"href":"https:\/\/ventspils.citro.lv\/ru\/wp-json\/wp\/v2\/media?parent=563588"}],"wp:term":[{"taxonomy":"product_cat","embeddable":true,"href":"https:\/\/ventspils.citro.lv\/ru\/wp-json\/wp\/v2\/product_cat?post=563588"},{"taxonomy":"product_tag","embeddable":true,"href":"https:\/\/ventspils.citro.lv\/ru\/wp-json\/wp\/v2\/product_tag?post=563588"}],"curies":[{"name":"wp","href":"https:\/\/api.w.org\/{rel}","templated":true}]}}