{"id":557909,"date":"2026-03-17T07:30:36","date_gmt":"2026-03-17T05:30:36","guid":{"rendered":"https:\/\/ventspils.citro.lv\/veikals\/salati-rujienas-citro-300-g\/"},"modified":"2026-04-05T09:24:58","modified_gmt":"2026-04-05T06:24:58","slug":"salati-rujienas-citro-300-g","status":"publish","type":"product","link":"https:\/\/ventspils.citro.lv\/ru\/veikals\/salati-rujienas-citro-300-g\/","title":{"rendered":"Sal\u0101ti R\u016bjienas Citro 300 g"},"content":{"rendered":"<p>Sast\u0101vda\u013cas: bietes, majon\u0113ze (rap\u0161u e\u013c\u013ca, \u016bdens,  OLU pulveris, V\u0100JPIENA pulveris, cukurs,  modific\u0113ta ciete, s\u0101ls, sk\u0101buma regul\u0113t\u0101ji (eti\u0137sk\u0101be, piensk\u0101be), biezin\u0101t\u0101ji (modific\u0113ta ciete, gu\u0101ra sve\u0137i, ksant\u0101na sve\u0137i), konservanti (k\u0101lija sorb\u0101ts, n\u0101trija benzo\u0101ts) aromatiz\u0113t\u0101js), marin\u0113ti gur\u0137i (gur\u0137i, \u016bdens, v\u012bna eti\u0137is, s\u0101ls, cukurs), kons. za\u013cie zirn\u012b\u0161i (za\u013cie zirn\u012b\u0161i, \u016bdens, s\u0101ls, cukurs), p\u0101rtikas s\u0101ls .100 g produkta satur:  ener\u0123\u0113tisk\u0101 v\u0113rt\u012bba 613 KJ\/148 kcal,  tauki 12g , tostarp pies\u0101tin\u0101t\u0101s tauksk\u0101bes 1g, og\u013chidr\u0101ti 7g ,tostarp cukurs 5g, \u0161\u0137iedrvielas 2,6 g, olbaltumvielas 2,3g, s\u0101ls 0,6g. Uzglab\u0101\u0161anas temperat\u016bra : +2..+6 C. Izlietot l\u012bdz: nor\u0101d\u012bts uz iepakojuma. Ra\u017eot\u0101js: SIA Di\u0101na Bistro, Andreja iela 5, Ventspils.<\/p>\n","protected":false},"excerpt":{"rendered":"<p>4.63 \u20ac\/kg<\/p>\n","protected":false},"featured_media":1227289,"template":"","meta":{"_acf_changed":false,"inline_featured_image":false},"product_cat":[113,212],"product_tag":[],"acf":[],"aioseo_notices":[],"_links":{"self":[{"href":"https:\/\/ventspils.citro.lv\/ru\/wp-json\/wp\/v2\/product\/557909"}],"collection":[{"href":"https:\/\/ventspils.citro.lv\/ru\/wp-json\/wp\/v2\/product"}],"about":[{"href":"https:\/\/ventspils.citro.lv\/ru\/wp-json\/wp\/v2\/types\/product"}],"wp:featuredmedia":[{"embeddable":true,"href":"https:\/\/ventspils.citro.lv\/ru\/wp-json\/wp\/v2\/media\/1227289"}],"wp:attachment":[{"href":"https:\/\/ventspils.citro.lv\/ru\/wp-json\/wp\/v2\/media?parent=557909"}],"wp:term":[{"taxonomy":"product_cat","embeddable":true,"href":"https:\/\/ventspils.citro.lv\/ru\/wp-json\/wp\/v2\/product_cat?post=557909"},{"taxonomy":"product_tag","embeddable":true,"href":"https:\/\/ventspils.citro.lv\/ru\/wp-json\/wp\/v2\/product_tag?post=557909"}],"curies":[{"name":"wp","href":"https:\/\/api.w.org\/{rel}","templated":true}]}}