{"id":555611,"date":"2026-04-28T04:09:14","date_gmt":"2026-04-28T01:09:14","guid":{"rendered":"https:\/\/ventspils.citro.lv\/veikals\/kuka-siera-ar-salo-karameli-500g\/"},"modified":"2026-04-28T04:09:19","modified_gmt":"2026-04-28T01:09:19","slug":"kuka-siera-ar-salo-karameli-500g","status":"publish","type":"product","link":"https:\/\/ventspils.citro.lv\/ru\/veikals\/kuka-siera-ar-salo-karameli-500g\/","title":{"rendered":"K\u016bka siera ar s\u0101\u013co karameli 500g"},"content":{"rendered":"","protected":false},"excerpt":{"rendered":"<p>9.98 \u20ac\/kg<\/p>\n","protected":false},"featured_media":1254503,"template":"","meta":{"_acf_changed":false,"inline_featured_image":false},"product_cat":[109,220],"product_tag":[],"acf":[],"aioseo_notices":[],"_links":{"self":[{"href":"https:\/\/ventspils.citro.lv\/ru\/wp-json\/wp\/v2\/product\/555611"}],"collection":[{"href":"https:\/\/ventspils.citro.lv\/ru\/wp-json\/wp\/v2\/product"}],"about":[{"href":"https:\/\/ventspils.citro.lv\/ru\/wp-json\/wp\/v2\/types\/product"}],"wp:featuredmedia":[{"embeddable":true,"href":"https:\/\/ventspils.citro.lv\/ru\/wp-json\/wp\/v2\/media\/1254503"}],"wp:attachment":[{"href":"https:\/\/ventspils.citro.lv\/ru\/wp-json\/wp\/v2\/media?parent=555611"}],"wp:term":[{"taxonomy":"product_cat","embeddable":true,"href":"https:\/\/ventspils.citro.lv\/ru\/wp-json\/wp\/v2\/product_cat?post=555611"},{"taxonomy":"product_tag","embeddable":true,"href":"https:\/\/ventspils.citro.lv\/ru\/wp-json\/wp\/v2\/product_tag?post=555611"}],"curies":[{"name":"wp","href":"https:\/\/api.w.org\/{rel}","templated":true}]}}