{"id":555603,"date":"2026-05-08T03:45:51","date_gmt":"2026-05-08T00:45:51","guid":{"rendered":"https:\/\/ventspils.citro.lv\/veikals\/bariba-kakiem-perfect-fit-sterile-ar-vistas-galu-1-4kg\/"},"modified":"2026-05-11T14:05:53","modified_gmt":"2026-05-11T11:05:53","slug":"bariba-kakiem-perfect-fit-sterile-ar-vistas-galu-1-4kg","status":"publish","type":"product","link":"https:\/\/ventspils.citro.lv\/ru\/veikals\/bariba-kakiem-perfect-fit-sterile-ar-vistas-galu-1-4kg\/","title":{"rendered":"Bar\u012bba ka\u0137iem Perfect Fit Sterile ar vistas ga\u013cu  1.4kg"},"content":{"rendered":"","protected":false},"excerpt":{"rendered":"<p>5.35 \u20ac\/kg<\/p>\n","protected":false},"featured_media":1257827,"template":"","meta":{"_acf_changed":false,"inline_featured_image":false},"product_cat":[153,175],"product_tag":[],"acf":[],"aioseo_notices":[],"_links":{"self":[{"href":"https:\/\/ventspils.citro.lv\/ru\/wp-json\/wp\/v2\/product\/555603"}],"collection":[{"href":"https:\/\/ventspils.citro.lv\/ru\/wp-json\/wp\/v2\/product"}],"about":[{"href":"https:\/\/ventspils.citro.lv\/ru\/wp-json\/wp\/v2\/types\/product"}],"wp:featuredmedia":[{"embeddable":true,"href":"https:\/\/ventspils.citro.lv\/ru\/wp-json\/wp\/v2\/media\/1257827"}],"wp:attachment":[{"href":"https:\/\/ventspils.citro.lv\/ru\/wp-json\/wp\/v2\/media?parent=555603"}],"wp:term":[{"taxonomy":"product_cat","embeddable":true,"href":"https:\/\/ventspils.citro.lv\/ru\/wp-json\/wp\/v2\/product_cat?post=555603"},{"taxonomy":"product_tag","embeddable":true,"href":"https:\/\/ventspils.citro.lv\/ru\/wp-json\/wp\/v2\/product_tag?post=555603"}],"curies":[{"name":"wp","href":"https:\/\/api.w.org\/{rel}","templated":true}]}}