{"id":555602,"date":"2026-04-19T01:09:37","date_gmt":"2026-04-18T22:09:37","guid":{"rendered":"https:\/\/ventspils.citro.lv\/veikals\/bariba-kakiem-perfect-fit-indoor-multi-ar-vistas-galu-1-4kg\/"},"modified":"2026-04-19T01:10:01","modified_gmt":"2026-04-18T22:10:01","slug":"bariba-kakiem-perfect-fit-indoor-multi-ar-vistas-galu-1-4kg","status":"publish","type":"product","link":"https:\/\/ventspils.citro.lv\/ru\/veikals\/bariba-kakiem-perfect-fit-indoor-multi-ar-vistas-galu-1-4kg\/","title":{"rendered":"Bar\u012bba ka\u0137iem Perfect Fit Indoor multi ar vistas ga\u013cu 1.4kg\u00a0"},"content":{"rendered":"","protected":false},"excerpt":{"rendered":"<p>7.85 \u20ac\/kg<\/p>\n","protected":false},"featured_media":1247322,"template":"","meta":{"_acf_changed":false,"inline_featured_image":false},"product_cat":[153,175],"product_tag":[],"acf":[],"aioseo_notices":[],"_links":{"self":[{"href":"https:\/\/ventspils.citro.lv\/ru\/wp-json\/wp\/v2\/product\/555602"}],"collection":[{"href":"https:\/\/ventspils.citro.lv\/ru\/wp-json\/wp\/v2\/product"}],"about":[{"href":"https:\/\/ventspils.citro.lv\/ru\/wp-json\/wp\/v2\/types\/product"}],"wp:featuredmedia":[{"embeddable":true,"href":"https:\/\/ventspils.citro.lv\/ru\/wp-json\/wp\/v2\/media\/1247322"}],"wp:attachment":[{"href":"https:\/\/ventspils.citro.lv\/ru\/wp-json\/wp\/v2\/media?parent=555602"}],"wp:term":[{"taxonomy":"product_cat","embeddable":true,"href":"https:\/\/ventspils.citro.lv\/ru\/wp-json\/wp\/v2\/product_cat?post=555602"},{"taxonomy":"product_tag","embeddable":true,"href":"https:\/\/ventspils.citro.lv\/ru\/wp-json\/wp\/v2\/product_tag?post=555602"}],"curies":[{"name":"wp","href":"https:\/\/api.w.org\/{rel}","templated":true}]}}