{"id":555599,"date":"2026-02-05T02:18:14","date_gmt":"2026-02-05T00:18:14","guid":{"rendered":"https:\/\/ventspils.citro.lv\/veikals\/bariba-kakiem-pilnvertiga-sausa-bony-cat-ar-vistas-gala-500g\/"},"modified":"2026-02-05T02:18:24","modified_gmt":"2026-02-05T00:18:24","slug":"bariba-kakiem-pilnvertiga-sausa-bony-cat-ar-vistas-gala-500g","status":"publish","type":"product","link":"https:\/\/ventspils.citro.lv\/ru\/veikals\/bariba-kakiem-pilnvertiga-sausa-bony-cat-ar-vistas-gala-500g\/","title":{"rendered":"Bar\u012bba ka\u0137iem pilnv\u0113rt\u012bga saus\u0101 Bony cat ar vistas ga\u013ca 500g"},"content":{"rendered":"","protected":false},"excerpt":{"rendered":"<p>2.58 \u20ac\/kg<\/p>\n","protected":false},"featured_media":1205383,"template":"","meta":{"_acf_changed":false,"inline_featured_image":false},"product_cat":[153,175],"product_tag":[],"acf":[],"aioseo_notices":[],"_links":{"self":[{"href":"https:\/\/ventspils.citro.lv\/ru\/wp-json\/wp\/v2\/product\/555599"}],"collection":[{"href":"https:\/\/ventspils.citro.lv\/ru\/wp-json\/wp\/v2\/product"}],"about":[{"href":"https:\/\/ventspils.citro.lv\/ru\/wp-json\/wp\/v2\/types\/product"}],"wp:featuredmedia":[{"embeddable":true,"href":"https:\/\/ventspils.citro.lv\/ru\/wp-json\/wp\/v2\/media\/1205383"}],"wp:attachment":[{"href":"https:\/\/ventspils.citro.lv\/ru\/wp-json\/wp\/v2\/media?parent=555599"}],"wp:term":[{"taxonomy":"product_cat","embeddable":true,"href":"https:\/\/ventspils.citro.lv\/ru\/wp-json\/wp\/v2\/product_cat?post=555599"},{"taxonomy":"product_tag","embeddable":true,"href":"https:\/\/ventspils.citro.lv\/ru\/wp-json\/wp\/v2\/product_tag?post=555599"}],"curies":[{"name":"wp","href":"https:\/\/api.w.org\/{rel}","templated":true}]}}