{"id":555598,"date":"2026-04-03T01:24:02","date_gmt":"2026-04-02T22:24:02","guid":{"rendered":"https:\/\/ventspils.citro.lv\/veikals\/bariba-kakiem-pilnvertiga-sausa-bony-cat-ar-galu-500g\/"},"modified":"2026-04-03T01:24:14","modified_gmt":"2026-04-02T22:24:14","slug":"bariba-kakiem-pilnvertiga-sausa-bony-cat-ar-galu-500g","status":"publish","type":"product","link":"https:\/\/ventspils.citro.lv\/ru\/veikals\/bariba-kakiem-pilnvertiga-sausa-bony-cat-ar-galu-500g\/","title":{"rendered":"Bar\u012bba ka\u0137iem pilnv\u0113rt\u012bga saus\u0101 Bony cat ar ga\u013cu 500g"},"content":{"rendered":"","protected":false},"excerpt":{"rendered":"<p>2.58 \u20ac\/kg<\/p>\n","protected":false},"featured_media":1239473,"template":"","meta":{"_acf_changed":false,"inline_featured_image":false},"product_cat":[153,175],"product_tag":[],"acf":[],"aioseo_notices":[],"_links":{"self":[{"href":"https:\/\/ventspils.citro.lv\/ru\/wp-json\/wp\/v2\/product\/555598"}],"collection":[{"href":"https:\/\/ventspils.citro.lv\/ru\/wp-json\/wp\/v2\/product"}],"about":[{"href":"https:\/\/ventspils.citro.lv\/ru\/wp-json\/wp\/v2\/types\/product"}],"wp:featuredmedia":[{"embeddable":true,"href":"https:\/\/ventspils.citro.lv\/ru\/wp-json\/wp\/v2\/media\/1239473"}],"wp:attachment":[{"href":"https:\/\/ventspils.citro.lv\/ru\/wp-json\/wp\/v2\/media?parent=555598"}],"wp:term":[{"taxonomy":"product_cat","embeddable":true,"href":"https:\/\/ventspils.citro.lv\/ru\/wp-json\/wp\/v2\/product_cat?post=555598"},{"taxonomy":"product_tag","embeddable":true,"href":"https:\/\/ventspils.citro.lv\/ru\/wp-json\/wp\/v2\/product_tag?post=555598"}],"curies":[{"name":"wp","href":"https:\/\/api.w.org\/{rel}","templated":true}]}}