{"id":555316,"date":"2026-04-10T07:48:47","date_gmt":"2026-04-10T04:48:47","guid":{"rendered":"https:\/\/ventspils.citro.lv\/veikals\/konfektes-ledenes-chch-the-best-of-12g\/"},"modified":"2026-04-10T07:48:58","modified_gmt":"2026-04-10T04:48:58","slug":"konfektes-ledenes-chch-the-best-of-12g","status":"publish","type":"product","link":"https:\/\/ventspils.citro.lv\/ru\/veikals\/konfektes-ledenes-chch-the-best-of-12g\/","title":{"rendered":"Konfektes ledenes Chch the best of 12g"},"content":{"rendered":"<p>Sast\u0101vda\u013cas: (zeme\u0146u gar\u0161ai): cukurs, glikozes s\u012brups, aug\u013cu biezenis (\u0101bols, \u0137irsis, avenes, anan\u0101ss, laims, citrons, zemenes, persiks, ban\u0101ns, apels\u012bns, mellenes, kazenes, mango, arb\u016bzs, kivi) (3%), sk\u0101bes (piensk\u0101be, \u0101bolsk\u0101be, citronsk\u0101be), aromatiz\u0113t\u0101js, koncentr\u0101ti (bietes, spirul\u012bna). Sast\u0101vda\u013cas (kolas gar\u0161ai): cukurs, glikozes s\u012brups, sk\u0101bes (piensk\u0101be, \u0101bolsk\u0101be, citronsk\u0101be), aromatiz\u0113t\u0101ji, karameliz\u0113ts cukura s\u012brups. Sast\u0101vda\u013cas (zeme\u0146u un kr\u0113juma gar\u0161ai): glikozes s\u012brups, cukurs, S\u016aKALU perme\u0101ts, aug\u013cu biezenis (\u0101bols, \u0137irsis, avenes, anan\u0101ss, laims, citrons, zemenes, persiks, ban\u0101ns, apels\u012bns, mellenes, kazenes, mango, arb\u016bzs, kivi) (3%), PILNPIENA pulveris (2%), kakao sviests, koncentr\u0101ts (bietes), aromatiz\u0113t\u0101ji. Sast\u0101vda\u013cas (kakao-vani\u013cas gar\u0161ai): cukurs, glikozes s\u012brups, S\u016aKALU perme\u0101ts, kakao masa, PILNPIENA pulveris (2%), kakao sviests, aromatiz\u0113t\u0101ji, koncentr\u0101ti (saflora, citrons)<\/p>\n","protected":false},"excerpt":{"rendered":"<p>25.00 \u20ac\/kg<\/p>\n","protected":false},"featured_media":1243739,"template":"","meta":{"_acf_changed":false,"inline_featured_image":false},"product_cat":[533,125],"product_tag":[],"acf":[],"aioseo_notices":[],"_links":{"self":[{"href":"https:\/\/ventspils.citro.lv\/ru\/wp-json\/wp\/v2\/product\/555316"}],"collection":[{"href":"https:\/\/ventspils.citro.lv\/ru\/wp-json\/wp\/v2\/product"}],"about":[{"href":"https:\/\/ventspils.citro.lv\/ru\/wp-json\/wp\/v2\/types\/product"}],"wp:featuredmedia":[{"embeddable":true,"href":"https:\/\/ventspils.citro.lv\/ru\/wp-json\/wp\/v2\/media\/1243739"}],"wp:attachment":[{"href":"https:\/\/ventspils.citro.lv\/ru\/wp-json\/wp\/v2\/media?parent=555316"}],"wp:term":[{"taxonomy":"product_cat","embeddable":true,"href":"https:\/\/ventspils.citro.lv\/ru\/wp-json\/wp\/v2\/product_cat?post=555316"},{"taxonomy":"product_tag","embeddable":true,"href":"https:\/\/ventspils.citro.lv\/ru\/wp-json\/wp\/v2\/product_tag?post=555316"}],"curies":[{"name":"wp","href":"https:\/\/api.w.org\/{rel}","templated":true}]}}