{"id":5519,"date":"2026-03-18T03:06:46","date_gmt":"2026-03-18T01:06:46","guid":{"rendered":"https:\/\/eveikals.citro.lv\/ventspils\/veikals\/teja-auglu-ar-kazenu-mellenu-garsu-loyd-pyramids-40g\/"},"modified":"2026-03-18T03:06:51","modified_gmt":"2026-03-18T01:06:51","slug":"teja-loyd-pyramids-kazenu-un-mellenu-20gb-40g","status":"publish","type":"product","link":"https:\/\/ventspils.citro.lv\/ru\/veikals\/teja-loyd-pyramids-kazenu-un-mellenu-20gb-40g\/","title":{"rendered":"T\u0113ja Loyd Pyramids kaze\u0146u un melle\u0146u 20gb 40g"},"content":{"rendered":"","protected":false},"excerpt":{"rendered":"<p>74.75 \u20ac\/kg<\/p>\n","protected":false},"featured_media":1228058,"template":"","meta":{"_acf_changed":false,"inline_featured_image":false},"product_cat":[142,143],"product_tag":[],"acf":[],"aioseo_notices":[],"_links":{"self":[{"href":"https:\/\/ventspils.citro.lv\/ru\/wp-json\/wp\/v2\/product\/5519"}],"collection":[{"href":"https:\/\/ventspils.citro.lv\/ru\/wp-json\/wp\/v2\/product"}],"about":[{"href":"https:\/\/ventspils.citro.lv\/ru\/wp-json\/wp\/v2\/types\/product"}],"wp:featuredmedia":[{"embeddable":true,"href":"https:\/\/ventspils.citro.lv\/ru\/wp-json\/wp\/v2\/media\/1228058"}],"wp:attachment":[{"href":"https:\/\/ventspils.citro.lv\/ru\/wp-json\/wp\/v2\/media?parent=5519"}],"wp:term":[{"taxonomy":"product_cat","embeddable":true,"href":"https:\/\/ventspils.citro.lv\/ru\/wp-json\/wp\/v2\/product_cat?post=5519"},{"taxonomy":"product_tag","embeddable":true,"href":"https:\/\/ventspils.citro.lv\/ru\/wp-json\/wp\/v2\/product_tag?post=5519"}],"curies":[{"name":"wp","href":"https:\/\/api.w.org\/{rel}","templated":true}]}}