{"id":551431,"date":"2026-03-27T05:15:28","date_gmt":"2026-03-27T03:15:28","guid":{"rendered":"https:\/\/ventspils.citro.lv\/veikals\/bretlinas-tom-merce-kaija-240g\/"},"modified":"2026-03-27T05:15:39","modified_gmt":"2026-03-27T03:15:39","slug":"konservi-bretlinas-tom-merce-kaija-240g","status":"publish","type":"product","link":"https:\/\/ventspils.citro.lv\/ru\/veikals\/konservi-bretlinas-tom-merce-kaija-240g\/","title":{"rendered":"Konservi Br\u0113tli\u0146as tom.m\u0113rc\u0113 Kaija 240g"},"content":{"rendered":"","protected":false},"excerpt":{"rendered":"<p>6.88 \u20ac\/kg<\/p>\n","protected":false},"featured_media":1235337,"template":"","meta":{"_acf_changed":false,"inline_featured_image":false},"product_cat":[540,135],"product_tag":[],"acf":[],"aioseo_notices":[],"_links":{"self":[{"href":"https:\/\/ventspils.citro.lv\/ru\/wp-json\/wp\/v2\/product\/551431"}],"collection":[{"href":"https:\/\/ventspils.citro.lv\/ru\/wp-json\/wp\/v2\/product"}],"about":[{"href":"https:\/\/ventspils.citro.lv\/ru\/wp-json\/wp\/v2\/types\/product"}],"wp:featuredmedia":[{"embeddable":true,"href":"https:\/\/ventspils.citro.lv\/ru\/wp-json\/wp\/v2\/media\/1235337"}],"wp:attachment":[{"href":"https:\/\/ventspils.citro.lv\/ru\/wp-json\/wp\/v2\/media?parent=551431"}],"wp:term":[{"taxonomy":"product_cat","embeddable":true,"href":"https:\/\/ventspils.citro.lv\/ru\/wp-json\/wp\/v2\/product_cat?post=551431"},{"taxonomy":"product_tag","embeddable":true,"href":"https:\/\/ventspils.citro.lv\/ru\/wp-json\/wp\/v2\/product_tag?post=551431"}],"curies":[{"name":"wp","href":"https:\/\/api.w.org\/{rel}","templated":true}]}}