{"id":5493,"date":"2026-04-24T07:39:49","date_gmt":"2026-04-24T04:39:49","guid":{"rendered":"https:\/\/eveikals.citro.lv\/ventspils\/veikals\/nudeles-maggi-5min-krejuma-tomatu-merce-62g\/"},"modified":"2026-04-24T07:39:59","modified_gmt":"2026-04-24T04:39:59","slug":"nudeles-maggi-5min-krej-tomatu-merce-62g","status":"publish","type":"product","link":"https:\/\/ventspils.citro.lv\/ru\/veikals\/nudeles-maggi-5min-krej-tomatu-merce-62g\/","title":{"rendered":"N\u016bdeles Maggi 5min kr\u0113j.-tom\u0101tu m\u0113rc\u0113 62g"},"content":{"rendered":"","protected":false},"excerpt":{"rendered":"<p>28.23 \u20ac\/kg<\/p>\n","protected":false},"featured_media":1252354,"template":"","meta":{"_acf_changed":false,"inline_featured_image":false},"product_cat":[111,138],"product_tag":[],"acf":[],"aioseo_notices":[],"_links":{"self":[{"href":"https:\/\/ventspils.citro.lv\/ru\/wp-json\/wp\/v2\/product\/5493"}],"collection":[{"href":"https:\/\/ventspils.citro.lv\/ru\/wp-json\/wp\/v2\/product"}],"about":[{"href":"https:\/\/ventspils.citro.lv\/ru\/wp-json\/wp\/v2\/types\/product"}],"wp:featuredmedia":[{"embeddable":true,"href":"https:\/\/ventspils.citro.lv\/ru\/wp-json\/wp\/v2\/media\/1252354"}],"wp:attachment":[{"href":"https:\/\/ventspils.citro.lv\/ru\/wp-json\/wp\/v2\/media?parent=5493"}],"wp:term":[{"taxonomy":"product_cat","embeddable":true,"href":"https:\/\/ventspils.citro.lv\/ru\/wp-json\/wp\/v2\/product_cat?post=5493"},{"taxonomy":"product_tag","embeddable":true,"href":"https:\/\/ventspils.citro.lv\/ru\/wp-json\/wp\/v2\/product_tag?post=5493"}],"curies":[{"name":"wp","href":"https:\/\/api.w.org\/{rel}","templated":true}]}}