{"id":5478,"date":"2026-04-24T07:39:03","date_gmt":"2026-04-24T04:39:03","guid":{"rendered":"https:\/\/eveikals.citro.lv\/ventspils\/veikals\/kartup-biez-maggi-5min-ar-kup-bekona-g-garsu-grauzd-53g\/"},"modified":"2026-04-24T07:39:13","modified_gmt":"2026-04-24T04:39:13","slug":"biezenis-maggi-5min-ar-kup-bekona-galas-garsu-un-grauzd-53g","status":"publish","type":"product","link":"https:\/\/ventspils.citro.lv\/ru\/veikals\/biezenis-maggi-5min-ar-kup-bekona-galas-garsu-un-grauzd-53g\/","title":{"rendered":"Biezenis Maggi 5min ar k\u016bp.Bekona ga\u013cas gar\u0161u un grauzd. 53g"},"content":{"rendered":"","protected":false},"excerpt":{"rendered":"<p>3.30 \u20ac\/kg<\/p>\n","protected":false},"featured_media":1252344,"template":"","meta":{"_acf_changed":false,"inline_featured_image":false},"product_cat":[111,211],"product_tag":[],"acf":[],"aioseo_notices":[],"_links":{"self":[{"href":"https:\/\/ventspils.citro.lv\/ru\/wp-json\/wp\/v2\/product\/5478"}],"collection":[{"href":"https:\/\/ventspils.citro.lv\/ru\/wp-json\/wp\/v2\/product"}],"about":[{"href":"https:\/\/ventspils.citro.lv\/ru\/wp-json\/wp\/v2\/types\/product"}],"wp:featuredmedia":[{"embeddable":true,"href":"https:\/\/ventspils.citro.lv\/ru\/wp-json\/wp\/v2\/media\/1252344"}],"wp:attachment":[{"href":"https:\/\/ventspils.citro.lv\/ru\/wp-json\/wp\/v2\/media?parent=5478"}],"wp:term":[{"taxonomy":"product_cat","embeddable":true,"href":"https:\/\/ventspils.citro.lv\/ru\/wp-json\/wp\/v2\/product_cat?post=5478"},{"taxonomy":"product_tag","embeddable":true,"href":"https:\/\/ventspils.citro.lv\/ru\/wp-json\/wp\/v2\/product_tag?post=5478"}],"curies":[{"name":"wp","href":"https:\/\/api.w.org\/{rel}","templated":true}]}}