{"id":5469,"date":"2026-04-30T02:18:14","date_gmt":"2026-04-29T23:18:14","guid":{"rendered":"https:\/\/eveikals.citro.lv\/ventspils\/veikals\/jogurts-muller-mix-makadamijas-ar-sokolades-zvaigznem-4-6-1\/"},"modified":"2026-04-30T02:18:25","modified_gmt":"2026-04-29T23:18:25","slug":"jogurts-muller-mix-makadam-ar-sok-zvaigznem4-6-130g","status":"publish","type":"product","link":"https:\/\/ventspils.citro.lv\/ru\/veikals\/jogurts-muller-mix-makadam-ar-sok-zvaigznem4-6-130g\/","title":{"rendered":"Jogurts M\u00fcller mix makad\u0101m.ar \u0161ok.zvaigzn\u0113m4.6% 130g"},"content":{"rendered":"","protected":false},"excerpt":{"rendered":"<p>8.38 \u20ac\/kg<\/p>\n","protected":false},"featured_media":1255055,"template":"","meta":{"_acf_changed":false,"inline_featured_image":false},"product_cat":[95,100],"product_tag":[],"acf":[],"aioseo_notices":[],"_links":{"self":[{"href":"https:\/\/ventspils.citro.lv\/ru\/wp-json\/wp\/v2\/product\/5469"}],"collection":[{"href":"https:\/\/ventspils.citro.lv\/ru\/wp-json\/wp\/v2\/product"}],"about":[{"href":"https:\/\/ventspils.citro.lv\/ru\/wp-json\/wp\/v2\/types\/product"}],"wp:featuredmedia":[{"embeddable":true,"href":"https:\/\/ventspils.citro.lv\/ru\/wp-json\/wp\/v2\/media\/1255055"}],"wp:attachment":[{"href":"https:\/\/ventspils.citro.lv\/ru\/wp-json\/wp\/v2\/media?parent=5469"}],"wp:term":[{"taxonomy":"product_cat","embeddable":true,"href":"https:\/\/ventspils.citro.lv\/ru\/wp-json\/wp\/v2\/product_cat?post=5469"},{"taxonomy":"product_tag","embeddable":true,"href":"https:\/\/ventspils.citro.lv\/ru\/wp-json\/wp\/v2\/product_tag?post=5469"}],"curies":[{"name":"wp","href":"https:\/\/api.w.org\/{rel}","templated":true}]}}