{"id":5468,"date":"2026-03-27T07:36:27","date_gmt":"2026-03-27T05:36:27","guid":{"rendered":"https:\/\/eveikals.citro.lv\/ventspils\/veikals\/jogurts-muller-mix-ar-sokolades-bumbinam-4-9-130g\/"},"modified":"2026-04-04T15:59:28","modified_gmt":"2026-04-04T12:59:28","slug":"jogurts-muller-mix-ar-sokolades-bumbinam-4-8-130g","status":"publish","type":"product","link":"https:\/\/ventspils.citro.lv\/ru\/veikals\/jogurts-muller-mix-ar-sokolades-bumbinam-4-8-130g\/","title":{"rendered":"Jogurts Muller mix ar \u0161okol\u0101des bumbi\u0146\u0101m 4.8% 130g"},"content":{"rendered":"","protected":false},"excerpt":{"rendered":"<p>5.77 \u20ac\/kg<\/p>\n","protected":false},"featured_media":1235864,"template":"","meta":{"_acf_changed":false,"inline_featured_image":false},"product_cat":[95,100],"product_tag":[],"acf":[],"aioseo_notices":[],"_links":{"self":[{"href":"https:\/\/ventspils.citro.lv\/ru\/wp-json\/wp\/v2\/product\/5468"}],"collection":[{"href":"https:\/\/ventspils.citro.lv\/ru\/wp-json\/wp\/v2\/product"}],"about":[{"href":"https:\/\/ventspils.citro.lv\/ru\/wp-json\/wp\/v2\/types\/product"}],"wp:featuredmedia":[{"embeddable":true,"href":"https:\/\/ventspils.citro.lv\/ru\/wp-json\/wp\/v2\/media\/1235864"}],"wp:attachment":[{"href":"https:\/\/ventspils.citro.lv\/ru\/wp-json\/wp\/v2\/media?parent=5468"}],"wp:term":[{"taxonomy":"product_cat","embeddable":true,"href":"https:\/\/ventspils.citro.lv\/ru\/wp-json\/wp\/v2\/product_cat?post=5468"},{"taxonomy":"product_tag","embeddable":true,"href":"https:\/\/ventspils.citro.lv\/ru\/wp-json\/wp\/v2\/product_tag?post=5468"}],"curies":[{"name":"wp","href":"https:\/\/api.w.org\/{rel}","templated":true}]}}