{"id":5457,"date":"2026-03-27T07:09:53","date_gmt":"2026-03-27T05:09:53","guid":{"rendered":"https:\/\/eveikals.citro.lv\/ventspils\/veikals\/desa-auksti-kupinata-salami-skeles-110g-biovela\/"},"modified":"2026-04-01T11:10:28","modified_gmt":"2026-04-01T08:10:28","slug":"desa-salami-a-k-skeles-110g","status":"publish","type":"product","link":"https:\/\/ventspils.citro.lv\/ru\/veikals\/desa-salami-a-k-skeles-110g\/","title":{"rendered":"Desa Salami a\/k \u0161\u0137\u0113l\u0113s 110g"},"content":{"rendered":"","protected":false},"excerpt":{"rendered":"<p>11.73 \u20ac\/kg<\/p>\n","protected":false},"featured_media":1235758,"template":"","meta":{"_acf_changed":false,"inline_featured_image":false},"product_cat":[135,178],"product_tag":[],"acf":[],"aioseo_notices":[],"_links":{"self":[{"href":"https:\/\/ventspils.citro.lv\/ru\/wp-json\/wp\/v2\/product\/5457"}],"collection":[{"href":"https:\/\/ventspils.citro.lv\/ru\/wp-json\/wp\/v2\/product"}],"about":[{"href":"https:\/\/ventspils.citro.lv\/ru\/wp-json\/wp\/v2\/types\/product"}],"wp:featuredmedia":[{"embeddable":true,"href":"https:\/\/ventspils.citro.lv\/ru\/wp-json\/wp\/v2\/media\/1235758"}],"wp:attachment":[{"href":"https:\/\/ventspils.citro.lv\/ru\/wp-json\/wp\/v2\/media?parent=5457"}],"wp:term":[{"taxonomy":"product_cat","embeddable":true,"href":"https:\/\/ventspils.citro.lv\/ru\/wp-json\/wp\/v2\/product_cat?post=5457"},{"taxonomy":"product_tag","embeddable":true,"href":"https:\/\/ventspils.citro.lv\/ru\/wp-json\/wp\/v2\/product_tag?post=5457"}],"curies":[{"name":"wp","href":"https:\/\/api.w.org\/{rel}","templated":true}]}}