{"id":5443,"date":"2026-04-01T01:16:15","date_gmt":"2026-03-31T22:16:15","guid":{"rendered":"https:\/\/eveikals.citro.lv\/ventspils\/veikals\/cepumi-selga-ar-sokolades-g-180g\/"},"modified":"2026-04-01T14:01:10","modified_gmt":"2026-04-01T11:01:10","slug":"cepumi-selga-ar-sokolade-gabaliniem-180g","status":"publish","type":"product","link":"https:\/\/ventspils.citro.lv\/ru\/veikals\/cepumi-selga-ar-sokolade-gabaliniem-180g\/","title":{"rendered":"Cepumi Selga ar \u0161okol\u0101de gabali\u0146iem 180g"},"content":{"rendered":"","protected":false},"excerpt":{"rendered":"<p>6.06 \u20ac\/kg<\/p>\n","protected":false},"featured_media":1238536,"template":"","meta":{"_acf_changed":false,"inline_featured_image":false},"product_cat":[125,139],"product_tag":[],"acf":[],"aioseo_notices":[],"_links":{"self":[{"href":"https:\/\/ventspils.citro.lv\/ru\/wp-json\/wp\/v2\/product\/5443"}],"collection":[{"href":"https:\/\/ventspils.citro.lv\/ru\/wp-json\/wp\/v2\/product"}],"about":[{"href":"https:\/\/ventspils.citro.lv\/ru\/wp-json\/wp\/v2\/types\/product"}],"wp:featuredmedia":[{"embeddable":true,"href":"https:\/\/ventspils.citro.lv\/ru\/wp-json\/wp\/v2\/media\/1238536"}],"wp:attachment":[{"href":"https:\/\/ventspils.citro.lv\/ru\/wp-json\/wp\/v2\/media?parent=5443"}],"wp:term":[{"taxonomy":"product_cat","embeddable":true,"href":"https:\/\/ventspils.citro.lv\/ru\/wp-json\/wp\/v2\/product_cat?post=5443"},{"taxonomy":"product_tag","embeddable":true,"href":"https:\/\/ventspils.citro.lv\/ru\/wp-json\/wp\/v2\/product_tag?post=5443"}],"curies":[{"name":"wp","href":"https:\/\/api.w.org\/{rel}","templated":true}]}}