{"id":5442,"date":"2026-04-24T04:03:15","date_gmt":"2026-04-24T01:03:15","guid":{"rendered":"https:\/\/eveikals.citro.lv\/ventspils\/veikals\/cepumi-selga-ar-ieb-piena-g-180g\/"},"modified":"2026-05-05T15:04:38","modified_gmt":"2026-05-05T12:04:38","slug":"cepumi-selga-ar-iebiezinata-piena-garsu-180g","status":"publish","type":"product","link":"https:\/\/ventspils.citro.lv\/ru\/veikals\/cepumi-selga-ar-iebiezinata-piena-garsu-180g\/","title":{"rendered":"Cepumi Selga ar iebiezin\u0101t\u0101 piena gar\u0161u 180g"},"content":{"rendered":"","protected":false},"excerpt":{"rendered":"<p>6.06 \u20ac\/kg<\/p>\n","protected":false},"featured_media":1251423,"template":"","meta":{"_acf_changed":false,"inline_featured_image":false},"product_cat":[125,139],"product_tag":[],"acf":[],"aioseo_notices":[],"_links":{"self":[{"href":"https:\/\/ventspils.citro.lv\/ru\/wp-json\/wp\/v2\/product\/5442"}],"collection":[{"href":"https:\/\/ventspils.citro.lv\/ru\/wp-json\/wp\/v2\/product"}],"about":[{"href":"https:\/\/ventspils.citro.lv\/ru\/wp-json\/wp\/v2\/types\/product"}],"wp:featuredmedia":[{"embeddable":true,"href":"https:\/\/ventspils.citro.lv\/ru\/wp-json\/wp\/v2\/media\/1251423"}],"wp:attachment":[{"href":"https:\/\/ventspils.citro.lv\/ru\/wp-json\/wp\/v2\/media?parent=5442"}],"wp:term":[{"taxonomy":"product_cat","embeddable":true,"href":"https:\/\/ventspils.citro.lv\/ru\/wp-json\/wp\/v2\/product_cat?post=5442"},{"taxonomy":"product_tag","embeddable":true,"href":"https:\/\/ventspils.citro.lv\/ru\/wp-json\/wp\/v2\/product_tag?post=5442"}],"curies":[{"name":"wp","href":"https:\/\/api.w.org\/{rel}","templated":true}]}}