{"id":543972,"date":"2026-04-10T08:27:02","date_gmt":"2026-04-10T05:27:02","guid":{"rendered":"https:\/\/ventspils.citro.lv\/veikals\/deserts-mertinger-sokolades-ar-putukrejumu-125g\/"},"modified":"2026-04-10T08:27:13","modified_gmt":"2026-04-10T05:27:13","slug":"deserts-mertinger-sokolades-ar-putukrejumu-125g","status":"publish","type":"product","link":"https:\/\/ventspils.citro.lv\/ru\/veikals\/deserts-mertinger-sokolades-ar-putukrejumu-125g\/","title":{"rendered":"Deserts Mertinger\u00a0\u0161okol\u0101des ar putukr\u0113jumu 125g"},"content":{"rendered":"","protected":false},"excerpt":{"rendered":"<p>3.92 \u20ac\/kg<\/p>\n","protected":false},"featured_media":1243907,"template":"","meta":{"_acf_changed":false,"inline_featured_image":false},"product_cat":[95,188],"product_tag":[],"acf":[],"aioseo_notices":[],"_links":{"self":[{"href":"https:\/\/ventspils.citro.lv\/ru\/wp-json\/wp\/v2\/product\/543972"}],"collection":[{"href":"https:\/\/ventspils.citro.lv\/ru\/wp-json\/wp\/v2\/product"}],"about":[{"href":"https:\/\/ventspils.citro.lv\/ru\/wp-json\/wp\/v2\/types\/product"}],"wp:featuredmedia":[{"embeddable":true,"href":"https:\/\/ventspils.citro.lv\/ru\/wp-json\/wp\/v2\/media\/1243907"}],"wp:attachment":[{"href":"https:\/\/ventspils.citro.lv\/ru\/wp-json\/wp\/v2\/media?parent=543972"}],"wp:term":[{"taxonomy":"product_cat","embeddable":true,"href":"https:\/\/ventspils.citro.lv\/ru\/wp-json\/wp\/v2\/product_cat?post=543972"},{"taxonomy":"product_tag","embeddable":true,"href":"https:\/\/ventspils.citro.lv\/ru\/wp-json\/wp\/v2\/product_tag?post=543972"}],"curies":[{"name":"wp","href":"https:\/\/api.w.org\/{rel}","templated":true}]}}