{"id":5439,"date":"2026-03-27T04:58:02","date_gmt":"2026-03-27T02:58:02","guid":{"rendered":"https:\/\/eveikals.citro.lv\/ventspils\/veikals\/calu-pussparni-gardie-500g\/"},"modified":"2026-03-29T12:21:16","modified_gmt":"2026-03-29T09:21:16","slug":"calu-pussparni-gardie-500g","status":"publish","type":"product","link":"https:\/\/ventspils.citro.lv\/ru\/veikals\/calu-pussparni-gardie-500g\/","title":{"rendered":"C\u0101\u013cu pussp\u0101rni Gardie 500g"},"content":{"rendered":"","protected":false},"excerpt":{"rendered":"<p>5.98 \u20ac\/kg<\/p>\n","protected":false},"featured_media":1235278,"template":"","meta":{"_acf_changed":false,"inline_featured_image":false},"product_cat":[135,182],"product_tag":[],"acf":[],"aioseo_notices":[],"_links":{"self":[{"href":"https:\/\/ventspils.citro.lv\/ru\/wp-json\/wp\/v2\/product\/5439"}],"collection":[{"href":"https:\/\/ventspils.citro.lv\/ru\/wp-json\/wp\/v2\/product"}],"about":[{"href":"https:\/\/ventspils.citro.lv\/ru\/wp-json\/wp\/v2\/types\/product"}],"wp:featuredmedia":[{"embeddable":true,"href":"https:\/\/ventspils.citro.lv\/ru\/wp-json\/wp\/v2\/media\/1235278"}],"wp:attachment":[{"href":"https:\/\/ventspils.citro.lv\/ru\/wp-json\/wp\/v2\/media?parent=5439"}],"wp:term":[{"taxonomy":"product_cat","embeddable":true,"href":"https:\/\/ventspils.citro.lv\/ru\/wp-json\/wp\/v2\/product_cat?post=5439"},{"taxonomy":"product_tag","embeddable":true,"href":"https:\/\/ventspils.citro.lv\/ru\/wp-json\/wp\/v2\/product_tag?post=5439"}],"curies":[{"name":"wp","href":"https:\/\/api.w.org\/{rel}","templated":true}]}}