{"id":543886,"date":"2026-04-10T07:27:02","date_gmt":"2026-04-10T04:27:02","guid":{"rendered":"https:\/\/ventspils.citro.lv\/veikals\/bretlinas-apceptas-tomatu-merce-240g-kaija\/"},"modified":"2026-04-10T07:27:07","modified_gmt":"2026-04-10T04:27:07","slug":"bretlinas-apceptas-tomatu-merce-240g-kaija","status":"publish","type":"product","link":"https:\/\/ventspils.citro.lv\/ru\/veikals\/bretlinas-apceptas-tomatu-merce-240g-kaija\/","title":{"rendered":"Br\u0113tli\u0146as apceptas tom\u0101tu m\u0113rc\u0113 240g Kaija"},"content":{"rendered":"","protected":false},"excerpt":{"rendered":"<p>7.71 \u20ac\/kg<\/p>\n","protected":false},"featured_media":1243651,"template":"","meta":{"_acf_changed":false,"inline_featured_image":false},"product_cat":[540,135],"product_tag":[],"acf":[],"aioseo_notices":[],"_links":{"self":[{"href":"https:\/\/ventspils.citro.lv\/ru\/wp-json\/wp\/v2\/product\/543886"}],"collection":[{"href":"https:\/\/ventspils.citro.lv\/ru\/wp-json\/wp\/v2\/product"}],"about":[{"href":"https:\/\/ventspils.citro.lv\/ru\/wp-json\/wp\/v2\/types\/product"}],"wp:featuredmedia":[{"embeddable":true,"href":"https:\/\/ventspils.citro.lv\/ru\/wp-json\/wp\/v2\/media\/1243651"}],"wp:attachment":[{"href":"https:\/\/ventspils.citro.lv\/ru\/wp-json\/wp\/v2\/media?parent=543886"}],"wp:term":[{"taxonomy":"product_cat","embeddable":true,"href":"https:\/\/ventspils.citro.lv\/ru\/wp-json\/wp\/v2\/product_cat?post=543886"},{"taxonomy":"product_tag","embeddable":true,"href":"https:\/\/ventspils.citro.lv\/ru\/wp-json\/wp\/v2\/product_tag?post=543886"}],"curies":[{"name":"wp","href":"https:\/\/api.w.org\/{rel}","templated":true}]}}