{"id":543548,"date":"2026-03-27T10:18:28","date_gmt":"2026-03-27T08:18:28","guid":{"rendered":"https:\/\/ventspils.citro.lv\/veikals\/sirups-spilva-ar-meza-zemenu-garsu-320ml-2\/"},"modified":"2026-03-27T10:18:33","modified_gmt":"2026-03-27T08:18:33","slug":"sirups-spilva-ar-meza-zemenu-garsu-300ml","status":"publish","type":"product","link":"https:\/\/ventspils.citro.lv\/ru\/veikals\/sirups-spilva-ar-meza-zemenu-garsu-300ml\/","title":{"rendered":"S\u012brups Spilva ar me\u017ea zeme\u0146u gar\u0161u 300ml"},"content":{"rendered":"","protected":false},"excerpt":{"rendered":"<p>3.83 \u20ac\/l<\/p>\n","protected":false},"featured_media":1236524,"template":"","meta":{"_acf_changed":false,"inline_featured_image":false},"product_cat":[548,103],"product_tag":[],"acf":[],"aioseo_notices":[],"_links":{"self":[{"href":"https:\/\/ventspils.citro.lv\/ru\/wp-json\/wp\/v2\/product\/543548"}],"collection":[{"href":"https:\/\/ventspils.citro.lv\/ru\/wp-json\/wp\/v2\/product"}],"about":[{"href":"https:\/\/ventspils.citro.lv\/ru\/wp-json\/wp\/v2\/types\/product"}],"wp:featuredmedia":[{"embeddable":true,"href":"https:\/\/ventspils.citro.lv\/ru\/wp-json\/wp\/v2\/media\/1236524"}],"wp:attachment":[{"href":"https:\/\/ventspils.citro.lv\/ru\/wp-json\/wp\/v2\/media?parent=543548"}],"wp:term":[{"taxonomy":"product_cat","embeddable":true,"href":"https:\/\/ventspils.citro.lv\/ru\/wp-json\/wp\/v2\/product_cat?post=543548"},{"taxonomy":"product_tag","embeddable":true,"href":"https:\/\/ventspils.citro.lv\/ru\/wp-json\/wp\/v2\/product_tag?post=543548"}],"curies":[{"name":"wp","href":"https:\/\/api.w.org\/{rel}","templated":true}]}}