{"id":543547,"date":"2026-04-10T08:24:54","date_gmt":"2026-04-10T05:24:54","guid":{"rendered":"https:\/\/ventspils.citro.lv\/veikals\/sirups-spilva-ar-dzervenu-garsu-320ml-2\/"},"modified":"2026-04-20T11:32:18","modified_gmt":"2026-04-20T08:32:18","slug":"sirups-spilva-ar-dzervenu-garsu-300ml","status":"publish","type":"product","link":"https:\/\/ventspils.citro.lv\/ru\/veikals\/sirups-spilva-ar-dzervenu-garsu-300ml\/","title":{"rendered":"S\u012brups Spilva ar dz\u0113rve\u0146u gar\u0161u 300ml"},"content":{"rendered":"","protected":false},"excerpt":{"rendered":"<p>5.97 \u20ac\/l<\/p>\n","protected":false},"featured_media":1243903,"template":"","meta":{"_acf_changed":false,"inline_featured_image":false},"product_cat":[548,103],"product_tag":[],"acf":[],"aioseo_notices":[],"_links":{"self":[{"href":"https:\/\/ventspils.citro.lv\/ru\/wp-json\/wp\/v2\/product\/543547"}],"collection":[{"href":"https:\/\/ventspils.citro.lv\/ru\/wp-json\/wp\/v2\/product"}],"about":[{"href":"https:\/\/ventspils.citro.lv\/ru\/wp-json\/wp\/v2\/types\/product"}],"wp:featuredmedia":[{"embeddable":true,"href":"https:\/\/ventspils.citro.lv\/ru\/wp-json\/wp\/v2\/media\/1243903"}],"wp:attachment":[{"href":"https:\/\/ventspils.citro.lv\/ru\/wp-json\/wp\/v2\/media?parent=543547"}],"wp:term":[{"taxonomy":"product_cat","embeddable":true,"href":"https:\/\/ventspils.citro.lv\/ru\/wp-json\/wp\/v2\/product_cat?post=543547"},{"taxonomy":"product_tag","embeddable":true,"href":"https:\/\/ventspils.citro.lv\/ru\/wp-json\/wp\/v2\/product_tag?post=543547"}],"curies":[{"name":"wp","href":"https:\/\/api.w.org\/{rel}","templated":true}]}}