{"id":5434,"date":"2026-05-12T05:24:55","date_gmt":"2026-05-12T02:24:55","guid":{"rendered":"https:\/\/eveikals.citro.lv\/ventspils\/veikals\/bariba-kaku-perfect-fit-ar-calu-galu-steriliz-kakiem-750g\/"},"modified":"2026-05-12T05:25:05","modified_gmt":"2026-05-12T02:25:05","slug":"bariba-kakiem-perfect-fit-ar-calu-galu-steriliz-kakiem-750g","status":"publish","type":"product","link":"https:\/\/ventspils.citro.lv\/ru\/veikals\/bariba-kakiem-perfect-fit-ar-calu-galu-steriliz-kakiem-750g\/","title":{"rendered":"Bar\u012bba ka\u0137iem Perfect Fit ar c\u0101\u013cu ga\u013cu steriliz.ka\u0137iem 750g"},"content":{"rendered":"","protected":false},"excerpt":{"rendered":"<p>7.99 \u20ac\/kg<\/p>\n","protected":false},"featured_media":1259110,"template":"","meta":{"_acf_changed":false,"inline_featured_image":false},"product_cat":[153,175],"product_tag":[],"acf":[],"aioseo_notices":[],"_links":{"self":[{"href":"https:\/\/ventspils.citro.lv\/ru\/wp-json\/wp\/v2\/product\/5434"}],"collection":[{"href":"https:\/\/ventspils.citro.lv\/ru\/wp-json\/wp\/v2\/product"}],"about":[{"href":"https:\/\/ventspils.citro.lv\/ru\/wp-json\/wp\/v2\/types\/product"}],"wp:featuredmedia":[{"embeddable":true,"href":"https:\/\/ventspils.citro.lv\/ru\/wp-json\/wp\/v2\/media\/1259110"}],"wp:attachment":[{"href":"https:\/\/ventspils.citro.lv\/ru\/wp-json\/wp\/v2\/media?parent=5434"}],"wp:term":[{"taxonomy":"product_cat","embeddable":true,"href":"https:\/\/ventspils.citro.lv\/ru\/wp-json\/wp\/v2\/product_cat?post=5434"},{"taxonomy":"product_tag","embeddable":true,"href":"https:\/\/ventspils.citro.lv\/ru\/wp-json\/wp\/v2\/product_tag?post=5434"}],"curies":[{"name":"wp","href":"https:\/\/api.w.org\/{rel}","templated":true}]}}