{"id":536826,"date":"2026-03-27T10:03:47","date_gmt":"2026-03-27T08:03:47","guid":{"rendered":"https:\/\/ventspils.citro.lv\/veikals\/cipsi-adazu-kraukskigais-kartupelis-pikantais-tomats-100g\/"},"modified":"2026-03-27T10:03:51","modified_gmt":"2026-03-27T08:03:51","slug":"cipsi-adazu-kraukskigais-kartupelis-pikantais-tomats-100g","status":"publish","type":"product","link":"https:\/\/ventspils.citro.lv\/ru\/veikals\/cipsi-adazu-kraukskigais-kartupelis-pikantais-tomats-100g\/","title":{"rendered":"\u010cipsi \u0100da\u017eu Krauk\u0161\u0137\u012bgais kartupelis pikantais tom\u0101ts 100g"},"content":{"rendered":"","protected":false},"excerpt":{"rendered":"<p>16.90 \u20ac\/kg<\/p>\n","protected":false},"featured_media":1236473,"template":"","meta":{"_acf_changed":false,"inline_featured_image":false},"product_cat":[125,191],"product_tag":[],"acf":[],"aioseo_notices":[],"_links":{"self":[{"href":"https:\/\/ventspils.citro.lv\/ru\/wp-json\/wp\/v2\/product\/536826"}],"collection":[{"href":"https:\/\/ventspils.citro.lv\/ru\/wp-json\/wp\/v2\/product"}],"about":[{"href":"https:\/\/ventspils.citro.lv\/ru\/wp-json\/wp\/v2\/types\/product"}],"wp:featuredmedia":[{"embeddable":true,"href":"https:\/\/ventspils.citro.lv\/ru\/wp-json\/wp\/v2\/media\/1236473"}],"wp:attachment":[{"href":"https:\/\/ventspils.citro.lv\/ru\/wp-json\/wp\/v2\/media?parent=536826"}],"wp:term":[{"taxonomy":"product_cat","embeddable":true,"href":"https:\/\/ventspils.citro.lv\/ru\/wp-json\/wp\/v2\/product_cat?post=536826"},{"taxonomy":"product_tag","embeddable":true,"href":"https:\/\/ventspils.citro.lv\/ru\/wp-json\/wp\/v2\/product_tag?post=536826"}],"curies":[{"name":"wp","href":"https:\/\/api.w.org\/{rel}","templated":true}]}}