{"id":536814,"date":"2026-05-08T03:42:25","date_gmt":"2026-05-08T00:42:25","guid":{"rendered":"https:\/\/ventspils.citro.lv\/veikals\/sokolades-tafele-lukss-roze-90g\/"},"modified":"2026-05-08T03:42:35","modified_gmt":"2026-05-08T00:42:35","slug":"sokolades-tafele-lukss-roze-90g","status":"publish","type":"product","link":"https:\/\/ventspils.citro.lv\/ru\/veikals\/sokolades-tafele-lukss-roze-90g\/","title":{"rendered":"\u0160okol\u0101des t\u0101fele Lukss Roze 90g"},"content":{"rendered":"","protected":false},"excerpt":{"rendered":"<p>26.56 \u20ac\/kg<\/p>\n","protected":false},"featured_media":1257808,"template":"","meta":{"_acf_changed":false,"inline_featured_image":false},"product_cat":[547,125],"product_tag":[],"acf":[],"aioseo_notices":[],"_links":{"self":[{"href":"https:\/\/ventspils.citro.lv\/ru\/wp-json\/wp\/v2\/product\/536814"}],"collection":[{"href":"https:\/\/ventspils.citro.lv\/ru\/wp-json\/wp\/v2\/product"}],"about":[{"href":"https:\/\/ventspils.citro.lv\/ru\/wp-json\/wp\/v2\/types\/product"}],"wp:featuredmedia":[{"embeddable":true,"href":"https:\/\/ventspils.citro.lv\/ru\/wp-json\/wp\/v2\/media\/1257808"}],"wp:attachment":[{"href":"https:\/\/ventspils.citro.lv\/ru\/wp-json\/wp\/v2\/media?parent=536814"}],"wp:term":[{"taxonomy":"product_cat","embeddable":true,"href":"https:\/\/ventspils.citro.lv\/ru\/wp-json\/wp\/v2\/product_cat?post=536814"},{"taxonomy":"product_tag","embeddable":true,"href":"https:\/\/ventspils.citro.lv\/ru\/wp-json\/wp\/v2\/product_tag?post=536814"}],"curies":[{"name":"wp","href":"https:\/\/api.w.org\/{rel}","templated":true}]}}