{"id":536807,"date":"2026-04-29T01:24:59","date_gmt":"2026-04-28T22:24:59","guid":{"rendered":"https:\/\/ventspils.citro.lv\/veikals\/sokolades-tafele-lukss-190g\/"},"modified":"2026-04-29T01:25:10","modified_gmt":"2026-04-28T22:25:10","slug":"sokolades-tafele-lukss-190g","status":"publish","type":"product","link":"https:\/\/ventspils.citro.lv\/ru\/veikals\/sokolades-tafele-lukss-190g\/","title":{"rendered":"\u0160okol\u0101des t\u0101fele Lukss 190g"},"content":{"rendered":"","protected":false},"excerpt":{"rendered":"<p>33.11 \u20ac\/kg<\/p>\n","protected":false},"featured_media":1254807,"template":"","meta":{"_acf_changed":false,"inline_featured_image":false},"product_cat":[547,125],"product_tag":[],"acf":[],"aioseo_notices":[],"_links":{"self":[{"href":"https:\/\/ventspils.citro.lv\/ru\/wp-json\/wp\/v2\/product\/536807"}],"collection":[{"href":"https:\/\/ventspils.citro.lv\/ru\/wp-json\/wp\/v2\/product"}],"about":[{"href":"https:\/\/ventspils.citro.lv\/ru\/wp-json\/wp\/v2\/types\/product"}],"wp:featuredmedia":[{"embeddable":true,"href":"https:\/\/ventspils.citro.lv\/ru\/wp-json\/wp\/v2\/media\/1254807"}],"wp:attachment":[{"href":"https:\/\/ventspils.citro.lv\/ru\/wp-json\/wp\/v2\/media?parent=536807"}],"wp:term":[{"taxonomy":"product_cat","embeddable":true,"href":"https:\/\/ventspils.citro.lv\/ru\/wp-json\/wp\/v2\/product_cat?post=536807"},{"taxonomy":"product_tag","embeddable":true,"href":"https:\/\/ventspils.citro.lv\/ru\/wp-json\/wp\/v2\/product_tag?post=536807"}],"curies":[{"name":"wp","href":"https:\/\/api.w.org\/{rel}","templated":true}]}}