{"id":536797,"date":"2026-05-12T07:15:29","date_gmt":"2026-05-12T04:15:29","guid":{"rendered":"https:\/\/ventspils.citro.lv\/veikals\/pakaisi-kakiem-pretty-cat-cementejosi-5kg\/"},"modified":"2026-05-12T07:15:34","modified_gmt":"2026-05-12T04:15:34","slug":"pakaisi-kakiem-pretty-cat-cementejosi-5kg","status":"publish","type":"product","link":"https:\/\/ventspils.citro.lv\/ru\/veikals\/pakaisi-kakiem-pretty-cat-cementejosi-5kg\/","title":{"rendered":"Pakai\u0161i ka\u0137iem PRETTY CAT cement\u0113jo\u0161i 5kg"},"content":{"rendered":"","protected":false},"excerpt":{"rendered":"<p>0.70 \u20ac\/kg<\/p>\n","protected":false},"featured_media":1259621,"template":"","meta":{"_acf_changed":false,"inline_featured_image":false},"product_cat":[153,154],"product_tag":[],"acf":[],"aioseo_notices":[],"_links":{"self":[{"href":"https:\/\/ventspils.citro.lv\/ru\/wp-json\/wp\/v2\/product\/536797"}],"collection":[{"href":"https:\/\/ventspils.citro.lv\/ru\/wp-json\/wp\/v2\/product"}],"about":[{"href":"https:\/\/ventspils.citro.lv\/ru\/wp-json\/wp\/v2\/types\/product"}],"wp:featuredmedia":[{"embeddable":true,"href":"https:\/\/ventspils.citro.lv\/ru\/wp-json\/wp\/v2\/media\/1259621"}],"wp:attachment":[{"href":"https:\/\/ventspils.citro.lv\/ru\/wp-json\/wp\/v2\/media?parent=536797"}],"wp:term":[{"taxonomy":"product_cat","embeddable":true,"href":"https:\/\/ventspils.citro.lv\/ru\/wp-json\/wp\/v2\/product_cat?post=536797"},{"taxonomy":"product_tag","embeddable":true,"href":"https:\/\/ventspils.citro.lv\/ru\/wp-json\/wp\/v2\/product_tag?post=536797"}],"curies":[{"name":"wp","href":"https:\/\/api.w.org\/{rel}","templated":true}]}}