{"id":535600,"date":"2026-04-24T05:36:14","date_gmt":"2026-04-24T02:36:14","guid":{"rendered":"https:\/\/ventspils.citro.lv\/veikals\/cukgala-kupinata-ed-garsigi-sver\/"},"modified":"2026-04-24T05:36:25","modified_gmt":"2026-04-24T02:36:25","slug":"cukgala-kupinata-ed-garsigi-sver","status":"publish","type":"product","link":"https:\/\/ventspils.citro.lv\/ru\/veikals\/cukgala-kupinata-ed-garsigi-sver\/","title":{"rendered":"C\u016bkga\u013ca k\u016bpin\u0101ta \u0112d gar\u0161\u012bgi sver."},"content":{"rendered":"<p>Sast\u0101vda\u013cas: c\u016bkga\u013ca, \u016bdens, stabiliz\u0113t\u0101ji E451, E452, biezin\u0101t\u0101js E407, maltodekstr\u012bns, gar\u0161as pastiprin\u0101t\u0101js E621, s\u0101ls, arom\u0101tvielas, antioksidanti E316, E301, gar\u0161vielu ekstrakti, konservanti E211, E250, hemoglob\u012bns. Ga\u013cas izejvielas izcelsme ES. Ener\u0123\u0113tisk\u0101 un uzturv\u0113rt\u012bba: 100g produkta satur: 661kJ\/158kcal, tauki 10,24g, tostarp pies\u0101tin\u0101t\u0101s tauksk\u0101bes 3,36g, og\u013chidr\u0101ti 1,06g, tostarp cukuri 0,06g, olbaltumvielas 14,64g, s\u0101ls 2,4g. P\u0113c iepakojuma atv\u0113r\u0161anas izlietot 72 stundu laik\u0101, nep\u0101rsniedzot gal\u012bgo der\u012bguma termi\u0146u. Uzglab\u0101\u0161anas temperat\u016bra +2&#8230;+6C.<\/p>\n","protected":false},"excerpt":{"rendered":"<p>7.99 \u20ac\/kg<\/p>\n","protected":false},"featured_media":1251796,"template":"","meta":{"_acf_changed":false,"inline_featured_image":false},"product_cat":[135,174],"product_tag":[],"acf":[],"aioseo_notices":[],"_links":{"self":[{"href":"https:\/\/ventspils.citro.lv\/ru\/wp-json\/wp\/v2\/product\/535600"}],"collection":[{"href":"https:\/\/ventspils.citro.lv\/ru\/wp-json\/wp\/v2\/product"}],"about":[{"href":"https:\/\/ventspils.citro.lv\/ru\/wp-json\/wp\/v2\/types\/product"}],"wp:featuredmedia":[{"embeddable":true,"href":"https:\/\/ventspils.citro.lv\/ru\/wp-json\/wp\/v2\/media\/1251796"}],"wp:attachment":[{"href":"https:\/\/ventspils.citro.lv\/ru\/wp-json\/wp\/v2\/media?parent=535600"}],"wp:term":[{"taxonomy":"product_cat","embeddable":true,"href":"https:\/\/ventspils.citro.lv\/ru\/wp-json\/wp\/v2\/product_cat?post=535600"},{"taxonomy":"product_tag","embeddable":true,"href":"https:\/\/ventspils.citro.lv\/ru\/wp-json\/wp\/v2\/product_tag?post=535600"}],"curies":[{"name":"wp","href":"https:\/\/api.w.org\/{rel}","templated":true}]}}