{"id":535450,"date":"2026-03-27T04:45:03","date_gmt":"2026-03-27T02:45:03","guid":{"rendered":"https:\/\/ventspils.citro.lv\/veikals\/pelmeni-mazulisi-400g\/"},"modified":"2026-04-05T10:06:58","modified_gmt":"2026-04-05T07:06:58","slug":"pelmeni-mazulisi-400g","status":"publish","type":"product","link":"https:\/\/ventspils.citro.lv\/ru\/veikals\/pelmeni-mazulisi-400g\/","title":{"rendered":"Pelme\u0146i Mazul\u012b\u0161i 400g"},"content":{"rendered":"","protected":false},"excerpt":{"rendered":"<p>3.98 \u20ac\/kg<\/p>\n","protected":false},"featured_media":1235222,"template":"","meta":{"_acf_changed":false,"inline_featured_image":false},"product_cat":[539,231],"product_tag":[],"acf":[],"aioseo_notices":[],"_links":{"self":[{"href":"https:\/\/ventspils.citro.lv\/ru\/wp-json\/wp\/v2\/product\/535450"}],"collection":[{"href":"https:\/\/ventspils.citro.lv\/ru\/wp-json\/wp\/v2\/product"}],"about":[{"href":"https:\/\/ventspils.citro.lv\/ru\/wp-json\/wp\/v2\/types\/product"}],"wp:featuredmedia":[{"embeddable":true,"href":"https:\/\/ventspils.citro.lv\/ru\/wp-json\/wp\/v2\/media\/1235222"}],"wp:attachment":[{"href":"https:\/\/ventspils.citro.lv\/ru\/wp-json\/wp\/v2\/media?parent=535450"}],"wp:term":[{"taxonomy":"product_cat","embeddable":true,"href":"https:\/\/ventspils.citro.lv\/ru\/wp-json\/wp\/v2\/product_cat?post=535450"},{"taxonomy":"product_tag","embeddable":true,"href":"https:\/\/ventspils.citro.lv\/ru\/wp-json\/wp\/v2\/product_tag?post=535450"}],"curies":[{"name":"wp","href":"https:\/\/api.w.org\/{rel}","templated":true}]}}