{"id":526207,"date":"2026-05-12T07:27:14","date_gmt":"2026-05-12T04:27:14","guid":{"rendered":"https:\/\/ventspils.citro.lv\/veikals\/dzeriens-vita-tigra-apelsinu-persiku-bananu-0-2l\/"},"modified":"2026-05-12T07:27:19","modified_gmt":"2026-05-12T04:27:19","slug":"dzeriens-vita-tigra-apelsinu-persiku-bananu-0-2l","status":"publish","type":"product","link":"https:\/\/ventspils.citro.lv\/ru\/veikals\/dzeriens-vita-tigra-apelsinu-persiku-bananu-0-2l\/","title":{"rendered":"Dz\u0113riens Vita Tigra apels\u012bnu persiku ban\u0101nu 0.2l"},"content":{"rendered":"","protected":false},"excerpt":{"rendered":"<p>1.95 \u20ac\/l<\/p>\n","protected":false},"featured_media":1259663,"template":"","meta":{"_acf_changed":false,"inline_featured_image":false},"product_cat":[106,124],"product_tag":[],"acf":[],"aioseo_notices":[],"_links":{"self":[{"href":"https:\/\/ventspils.citro.lv\/ru\/wp-json\/wp\/v2\/product\/526207"}],"collection":[{"href":"https:\/\/ventspils.citro.lv\/ru\/wp-json\/wp\/v2\/product"}],"about":[{"href":"https:\/\/ventspils.citro.lv\/ru\/wp-json\/wp\/v2\/types\/product"}],"wp:featuredmedia":[{"embeddable":true,"href":"https:\/\/ventspils.citro.lv\/ru\/wp-json\/wp\/v2\/media\/1259663"}],"wp:attachment":[{"href":"https:\/\/ventspils.citro.lv\/ru\/wp-json\/wp\/v2\/media?parent=526207"}],"wp:term":[{"taxonomy":"product_cat","embeddable":true,"href":"https:\/\/ventspils.citro.lv\/ru\/wp-json\/wp\/v2\/product_cat?post=526207"},{"taxonomy":"product_tag","embeddable":true,"href":"https:\/\/ventspils.citro.lv\/ru\/wp-json\/wp\/v2\/product_tag?post=526207"}],"curies":[{"name":"wp","href":"https:\/\/api.w.org\/{rel}","templated":true}]}}