{"id":526198,"date":"2026-05-12T07:24:32","date_gmt":"2026-05-12T04:24:32","guid":{"rendered":"https:\/\/ventspils.citro.lv\/veikals\/bariba-kakeniem-whiskas-ar-vistas-galu-300g\/"},"modified":"2026-05-12T07:24:36","modified_gmt":"2026-05-12T04:24:36","slug":"bariba-kakeniem-whiskas-ar-vistas-galu-300g","status":"publish","type":"product","link":"https:\/\/ventspils.citro.lv\/ru\/veikals\/bariba-kakeniem-whiskas-ar-vistas-galu-300g\/","title":{"rendered":"Bar\u012bba ka\u0137\u0113niem Whiskas ar vistas ga\u013cu 300g"},"content":{"rendered":"","protected":false},"excerpt":{"rendered":"<p>7.30 \u20ac\/kg<\/p>\n","protected":false},"featured_media":1259654,"template":"","meta":{"_acf_changed":false,"inline_featured_image":false},"product_cat":[153,175],"product_tag":[],"acf":[],"aioseo_notices":[],"_links":{"self":[{"href":"https:\/\/ventspils.citro.lv\/ru\/wp-json\/wp\/v2\/product\/526198"}],"collection":[{"href":"https:\/\/ventspils.citro.lv\/ru\/wp-json\/wp\/v2\/product"}],"about":[{"href":"https:\/\/ventspils.citro.lv\/ru\/wp-json\/wp\/v2\/types\/product"}],"wp:featuredmedia":[{"embeddable":true,"href":"https:\/\/ventspils.citro.lv\/ru\/wp-json\/wp\/v2\/media\/1259654"}],"wp:attachment":[{"href":"https:\/\/ventspils.citro.lv\/ru\/wp-json\/wp\/v2\/media?parent=526198"}],"wp:term":[{"taxonomy":"product_cat","embeddable":true,"href":"https:\/\/ventspils.citro.lv\/ru\/wp-json\/wp\/v2\/product_cat?post=526198"},{"taxonomy":"product_tag","embeddable":true,"href":"https:\/\/ventspils.citro.lv\/ru\/wp-json\/wp\/v2\/product_tag?post=526198"}],"curies":[{"name":"wp","href":"https:\/\/api.w.org\/{rel}","templated":true}]}}