{"id":526186,"date":"2026-03-27T10:09:14","date_gmt":"2026-03-27T08:09:14","guid":{"rendered":"https:\/\/ventspils.citro.lv\/veikals\/bariba-kakiem-whiskas-ar-cala-galu-kakiem-senioriem-85g\/"},"modified":"2026-03-27T10:09:23","modified_gmt":"2026-03-27T08:09:23","slug":"bariba-kakiem-whiskas-7-ar-cala-galu-kakiem-senioriem-85g","status":"publish","type":"product","link":"https:\/\/ventspils.citro.lv\/ru\/veikals\/bariba-kakiem-whiskas-7-ar-cala-galu-kakiem-senioriem-85g\/","title":{"rendered":"Bar\u012bba ka\u0137iem Whiskas 7+ ar c\u0101\u013ca ga\u013cu ka\u0137iem senioriem 85g"},"content":{"rendered":"","protected":false},"excerpt":{"rendered":"<p>8.12 \u20ac\/kg<\/p>\n","protected":false},"featured_media":1236493,"template":"","meta":{"_acf_changed":false,"inline_featured_image":false},"product_cat":[153,175],"product_tag":[],"acf":[],"aioseo_notices":[],"_links":{"self":[{"href":"https:\/\/ventspils.citro.lv\/ru\/wp-json\/wp\/v2\/product\/526186"}],"collection":[{"href":"https:\/\/ventspils.citro.lv\/ru\/wp-json\/wp\/v2\/product"}],"about":[{"href":"https:\/\/ventspils.citro.lv\/ru\/wp-json\/wp\/v2\/types\/product"}],"wp:featuredmedia":[{"embeddable":true,"href":"https:\/\/ventspils.citro.lv\/ru\/wp-json\/wp\/v2\/media\/1236493"}],"wp:attachment":[{"href":"https:\/\/ventspils.citro.lv\/ru\/wp-json\/wp\/v2\/media?parent=526186"}],"wp:term":[{"taxonomy":"product_cat","embeddable":true,"href":"https:\/\/ventspils.citro.lv\/ru\/wp-json\/wp\/v2\/product_cat?post=526186"},{"taxonomy":"product_tag","embeddable":true,"href":"https:\/\/ventspils.citro.lv\/ru\/wp-json\/wp\/v2\/product_tag?post=526186"}],"curies":[{"name":"wp","href":"https:\/\/api.w.org\/{rel}","templated":true}]}}